{"id":3201,"date":"2023-10-04T22:13:31","date_gmt":"2023-10-04T21:13:31","guid":{"rendered":"https:\/\/www.sieber.ch\/corsi-sui-carrelli-elevatori\/"},"modified":"2023-12-18T13:33:02","modified_gmt":"2023-12-18T13:33:02","slug":"corsi-sui-carrelli-elevatori","status":"publish","type":"page","link":"https:\/\/www.sieber.ch\/it\/offerte-di-lavoro\/academy\/corsi-sui-carrelli-elevatori\/","title":{"rendered":"Corsi sui carrelli elevatori"},"content":{"rendered":"\n<div class=\"wp-block-columns fullWidth intro bgGrey justify-content-center is-layout-flex wp-container-core-columns-is-layout-9d6595d7 wp-block-columns-is-layout-flex\">\n<div class=\"wp-block-column container is-layout-flow wp-block-column-is-layout-flow\">\n<div class=\"wp-block-columns is-layout-flex wp-container-core-columns-is-layout-9d6595d7 wp-block-columns-is-layout-flex\">\n<div class=\"wp-block-column is-layout-flow wp-block-column-is-layout-flow\">\n<p><strong>Carrelli elevatori S2\/R1\/R2\/R4<\/strong><\/p>\n\n\n\n<p>Questi corsi affrontano gli aspetti aziendali, giuridici e di sicurezza relativi alla manovra di veicoli per trasporto a livello del terreno. Con la formazione del personale, le aziende soddisfano i propri obblighi di legge in materia di sicurezza sul lavoro.<\/p>\n\n\n\n<p><strong>S2 \/ R1 \/ R2 (corso di due giornate)<\/strong><\/p>\n\n\n\n<p>I partecipanti dispongono di esperienza comprovata nella gestione delle macchine operatrici mobili. Il corso si rivolge a specialisti esperti nel settore del comando di macchine edili, guida di gru mobili (categoria A ai sensi dell\u2019ordinanza sulle gru), guida di camion e macchine agricole.<\/p>\n\n\n\n<p><strong>S2 \/ R1 \/ R2 (corso di quattro giornate)<\/strong><\/p>\n\n\n\n<p>I partecipanti dispongono di poca o nessuna esperienza nella gestione delle macchine operatrici mobili. Il corso \u00e8 ideale per chi \u00e8 agli inizi e per i tirocinanti. Inoltre offriamo un corso di riconoscimento per attestati di formazione esteri, disponibile in ogni momento su richiesta.<\/p>\n\n\n\n<p><strong>Attestato OAut<\/strong><\/p>\n\n\n\n<p>Im Rahmen des 2-t\u00e4gigen Kurses erlangen Sie eine Anerkennung, w\u00e4hrend Sie bei der 4-t\u00e4gigen Variante zwei Anerkennungen erhalten.<\/p>\n<\/div>\n<\/div>\n<\/div>\n<\/div>\n\n<div class=\"wp-block-columns fullWidth bgWhite justify-content-center sectionSP staplerK is-layout-flex wp-container-core-columns-is-layout-9d6595d7 wp-block-columns-is-layout-flex\">\n<div class=\"wp-block-column container is-layout-flow wp-block-column-is-layout-flow\">\n<div class=\"wp-block-columns is-layout-flex wp-container-core-columns-is-layout-9d6595d7 wp-block-columns-is-layout-flex\">\n<div class=\"wp-block-column is-layout-flow wp-block-column-is-layout-flow\">\n<h2 class=\"wp-block-heading\">2-Tages Staplerkurse S2 \/ R1 \/ R2 starten an folgenden Daten im ersten Quartal (Q1)<\/h2>\n\n\n\n<div class=\"wp-block-columns is-layout-flex wp-container-core-columns-is-layout-9d6595d7 wp-block-columns-is-layout-flex\">\n<div class=\"wp-block-column dateBox is-layout-flow wp-block-column-is-layout-flow\">\n<p class=\"has-text-align-left\">Februar<br\/>05. &#8211; 06.02.2024 <br\/>07. &#8211; 08. Februar 2024 &#8211; ausgebucht<br\/>12. &#8211; 13. Februar 2024<br\/>14. &#8211; 15. Februar 2024<\/p>\n<\/div>\n\n\n\n<div class=\"wp-block-column dateBox is-layout-flow wp-block-column-is-layout-flow\">\n<p>19\/02\/2024<br\/>04\/03\/2024<br\/>06\/03\/2024<br\/>11\/03\/2024<\/p>\n<\/div>\n\n\n\n<div class=\"wp-block-column dateBox is-layout-flow wp-block-column-is-layout-flow\">\n<p>20\/03\/2024<br\/>13\/03\/2024<\/p>\n<\/div>\n<\/div>\n<\/div>\n<\/div>\n\n\n<div id=\"vsel\" class=\"vsel-shortcode vsel-shortcode-upcoming-events\"><p class=\"vsel-no-events\">No events are found.<\/p><\/div>\n<\/div>\n<\/div>\n\n<div class=\"wp-block-columns fullWidth bgGrey justify-content-center sectionSP staplerK is-layout-flex wp-container-core-columns-is-layout-9d6595d7 wp-block-columns-is-layout-flex\">\n<div class=\"wp-block-column container is-layout-flow wp-block-column-is-layout-flow\">\n<div class=\"wp-block-columns is-layout-flex wp-container-core-columns-is-layout-9d6595d7 wp-block-columns-is-layout-flex\">\n<div class=\"wp-block-column is-layout-flow wp-block-column-is-layout-flow\">\n<h2 class=\"wp-block-heading\">2-Tages Staplerkurse S2 \/ R1 \/ R2 starten an folgenden Daten im zweiten Quartal (Q2)<\/h2>\n\n\n\n<div class=\"wp-block-columns is-layout-flex wp-container-core-columns-is-layout-9d6595d7 wp-block-columns-is-layout-flex\">\n<div class=\"wp-block-column dateBox is-layout-flow wp-block-column-is-layout-flow\">\n<p>03\/04\/2024<br\/>08\/04\/2024<br\/>10\/04\/2024<br\/>15\/04\/2024<\/p>\n<\/div>\n\n\n\n<div class=\"wp-block-column dateBox is-layout-flow wp-block-column-is-layout-flow\">\n<p>29\/04\/2024<br\/>06\/05\/2024<br\/>22\/05\/2024<br\/>27\/05\/2024<br\/><\/p>\n<\/div>\n\n\n\n<div class=\"wp-block-column dateBox is-layout-flow wp-block-column-is-layout-flow\">\n<p>10\/06\/2024<br\/>12\/06\/2024<br\/>17\/06\/2024<\/p>\n<\/div>\n<\/div>\n<\/div>\n<\/div>\n\n\n<div id=\"vsel\" class=\"vsel-shortcode vsel-shortcode-upcoming-events\"><p class=\"vsel-no-events\">No events are found.<\/p><\/div>\n<\/div>\n<\/div>\n\n<div class=\"wp-block-columns fullWidth bgWhite justify-content-center sectionSP staplerK is-layout-flex wp-container-core-columns-is-layout-9d6595d7 wp-block-columns-is-layout-flex\">\n<div class=\"wp-block-column container is-layout-flow wp-block-column-is-layout-flow\">\n<div class=\"wp-block-columns is-layout-flex wp-container-core-columns-is-layout-9d6595d7 wp-block-columns-is-layout-flex\">\n<div class=\"wp-block-column is-layout-flow wp-block-column-is-layout-flow\">\n<h2 class=\"wp-block-heading\">2-Tages Staplerkurse S2 \/ R1 \/ R2 starten an folgenden Daten im dritten Quartal (Q3)<\/h2>\n\n\n\n<div class=\"wp-block-columns is-layout-flex wp-container-core-columns-is-layout-9d6595d7 wp-block-columns-is-layout-flex\">\n<div class=\"wp-block-column dateBox is-layout-flow wp-block-column-is-layout-flow\">\n<p>01\/07\/2024<br\/>03\/07\/2024<br\/>15\/07\/2024<br\/>17\/07\/2024<br\/><\/p>\n<\/div>\n\n\n\n<div class=\"wp-block-column dateBox is-layout-flow wp-block-column-is-layout-flow\">\n<p>26\/08\/2024<br\/>28\/08\/2024<br\/>02\/09\/2024<\/p>\n<\/div>\n\n\n\n<div class=\"wp-block-column dateBox is-layout-flow wp-block-column-is-layout-flow\">\n<p>04\/09\/2024<br\/>16\/09\/2024<br\/>23\/09\/2024<\/p>\n<\/div>\n<\/div>\n<\/div>\n<\/div>\n\n\n<div id=\"vsel\" class=\"vsel-shortcode vsel-shortcode-upcoming-events\"><p class=\"vsel-no-events\">No events are found.<\/p><\/div>\n<\/div>\n<\/div>\n\n<div class=\"wp-block-columns fullWidth bgGrey justify-content-center sectionSP staplerK is-layout-flex wp-container-core-columns-is-layout-9d6595d7 wp-block-columns-is-layout-flex\">\n<div class=\"wp-block-column container is-layout-flow wp-block-column-is-layout-flow\">\n<div class=\"wp-block-columns is-layout-flex wp-container-core-columns-is-layout-9d6595d7 wp-block-columns-is-layout-flex\">\n<div class=\"wp-block-column is-layout-flow wp-block-column-is-layout-flow\">\n<h2 class=\"wp-block-heading\">2-Tages Staplerkurse S2 \/ R1 \/ R2 starten an folgenden Daten im vierten Quartal (Q4)<\/h2>\n\n\n\n<div class=\"wp-block-columns is-layout-flex wp-container-core-columns-is-layout-9d6595d7 wp-block-columns-is-layout-flex\">\n<div class=\"wp-block-column dateBox is-layout-flow wp-block-column-is-layout-flow\">\n<p>07\/10\/2024<br\/>09\/10\/2024<br\/>14\/10\/2024<br\/>21\/10\/2024<\/p>\n<\/div>\n\n\n\n<div class=\"wp-block-column dateBox is-layout-flow wp-block-column-is-layout-flow\">\n<p>11\/11\/2024<br\/>25\/11\/2024<\/p>\n<\/div>\n\n\n\n<div class=\"wp-block-column dateBox is-layout-flow wp-block-column-is-layout-flow\">\n<p>02\/12\/2024<br\/>04\/12\/2024<br\/>16\/12\/2024<\/p>\n<\/div>\n<\/div>\n<\/div>\n<\/div>\n\n\n<div id=\"vsel\" class=\"vsel-shortcode vsel-shortcode-upcoming-events\"><p class=\"vsel-no-events\">No events are found.<\/p><\/div>\n<\/div>\n<\/div>\n\n<div class=\"wp-block-columns fullWidth bgWhite justify-content-center sectionSP staplerK is-layout-flex wp-container-core-columns-is-layout-9d6595d7 wp-block-columns-is-layout-flex\">\n<div class=\"wp-block-column container is-layout-flow wp-block-column-is-layout-flow\">\n<div class=\"wp-block-columns is-layout-flex wp-container-core-columns-is-layout-9d6595d7 wp-block-columns-is-layout-flex\">\n<div class=\"wp-block-column is-layout-flow wp-block-column-is-layout-flow\">\n<h2 class=\"wp-block-heading\">I corsi sui carrelli elevatori di quattro giornate S2 \/ R1 \/ R2 si terranno in queste date<\/h2>\n\n\n\n<div class=\"wp-block-columns is-layout-flex wp-container-core-columns-is-layout-9d6595d7 wp-block-columns-is-layout-flex\">\n<div class=\"wp-block-column dateBox is-layout-flow wp-block-column-is-layout-flow\">\n<p>26\/02\/2024<br\/>25\/03\/2024<br\/>22\/04\/2024<br\/>03\/06\/2024<\/p>\n<\/div>\n\n\n\n<div class=\"wp-block-column dateBox is-layout-flow wp-block-column-is-layout-flow\">\n<p>08\/07\/2024<br\/>09\/09\/2024<br\/>01\/10\/2024<br\/>28\/10\/2024<\/p>\n<\/div>\n\n\n\n<div class=\"wp-block-column dateBox is-layout-flow wp-block-column-is-layout-flow\">\n<p>18\/11\/2024<br\/>09\/12\/2024<\/p>\n<\/div>\n<\/div>\n<\/div>\n<\/div>\n\n\n<div id=\"vsel\" class=\"vsel-shortcode vsel-shortcode-upcoming-events\"><p class=\"vsel-no-events\">No events are found.<\/p><\/div>\n<\/div>\n<\/div>\n\n<div class=\"wp-block-columns fullWidth bgGrey justify-content-center sectionSP staplerK is-layout-flex wp-container-core-columns-is-layout-9d6595d7 wp-block-columns-is-layout-flex\">\n<div class=\"wp-block-column container is-layout-flow wp-block-column-is-layout-flow\">\n<div class=\"wp-block-columns is-layout-flex wp-container-core-columns-is-layout-9d6595d7 wp-block-columns-is-layout-flex\">\n<div class=\"wp-block-column is-layout-flow wp-block-column-is-layout-flow\">\n<h2 class=\"wp-block-heading\">1-Tages Staplerkurse R4 starten an folgenden Daten<\/h2>\n\n\n\n<div class=\"wp-block-columns is-layout-flex wp-container-core-columns-is-layout-9d6595d7 wp-block-columns-is-layout-flex\">\n<div class=\"wp-block-column dateBox is-layout-flow wp-block-column-is-layout-flow\">\n<p>23\/02\/2024<br\/>15\/03\/2024<\/p>\n<\/div>\n\n\n\n<div class=\"wp-block-column dateBox is-layout-flow wp-block-column-is-layout-flow\">\n<p>20\/09\/2024<br\/>15\/11\/2024<\/p>\n<\/div>\n\n\n\n<div class=\"wp-block-column is-layout-flow wp-block-column-is-layout-flow\"><\/div>\n<\/div>\n<\/div>\n<\/div>\n\n\n<div id=\"vsel\" class=\"vsel-shortcode vsel-shortcode-upcoming-events\"><p class=\"vsel-no-events\">No events are found.<\/p><\/div>\n<\/div>\n<\/div>\n","protected":false},"excerpt":{"rendered":"<p>Carrelli elevatori S2\/R1\/R2\/R4 Questi corsi affrontano gli aspetti aziendali, giuridici e di sicurezza relativi alla manovra di veicoli per trasporto<\/p>\n<p><a class=\"wp-block-button__link\" href=\"https:\/\/www.sieber.ch\/it\/offerte-di-lavoro\/academy\/corsi-sui-carrelli-elevatori\/\">Read More&#8230;<\/a><\/p>\n","protected":false},"author":1,"featured_media":0,"parent":5881,"menu_order":0,"comment_status":"closed","ping_status":"closed","template":"","meta":{"_acf_changed":false,"footnotes":""},"class_list":["post-3201","page","type-page","status-publish","hentry"],"acf":[],"yoast_head":"<!-- This site is optimized with the Yoast SEO plugin v27.4 - https:\/\/yoast.com\/product\/yoast-seo-wordpress\/ -->\n<title>Corsi sui carrelli elevatori - Sieber Logistics AG<\/title>\n<meta name=\"robots\" content=\"index, follow, max-snippet:-1, max-image-preview:large, max-video-preview:-1\" \/>\n<link rel=\"canonical\" href=\"https:\/\/www.sieber.ch\/it\/offerte-di-lavoro\/academy\/corsi-sui-carrelli-elevatori\/\" \/>\n<meta property=\"og:locale\" content=\"it_IT\" \/>\n<meta property=\"og:type\" content=\"article\" \/>\n<meta property=\"og:title\" content=\"Corsi sui carrelli elevatori - Sieber Logistics AG\" \/>\n<meta property=\"og:description\" content=\"Carrelli elevatori S2\/R1\/R2\/R4 Questi corsi affrontano gli aspetti aziendali, giuridici e di sicurezza relativi alla manovra di veicoli per trasportoRead More...\" \/>\n<meta property=\"og:url\" content=\"https:\/\/www.sieber.ch\/it\/offerte-di-lavoro\/academy\/corsi-sui-carrelli-elevatori\/\" \/>\n<meta property=\"og:site_name\" content=\"Sieber Logistics AG\" \/>\n<meta property=\"article:publisher\" content=\"https:\/\/www.facebook.com\/sieberlogistics\" \/>\n<meta property=\"article:modified_time\" content=\"2023-12-18T13:33:02+00:00\" \/>\n<meta property=\"og:image\" content=\"https:\/\/www.sieber.ch\/wp-content\/uploads\/2023\/12\/SIEBER_TRANS_AKADEMIE_061218_5819_NEU_2023_RGB_INTERNET-scaled.webp\" \/>\n\t<meta property=\"og:image:width\" content=\"2560\" \/>\n\t<meta property=\"og:image:height\" content=\"1707\" \/>\n\t<meta property=\"og:image:type\" content=\"image\/webp\" \/>\n<meta name=\"twitter:card\" content=\"summary_large_image\" \/>\n<meta name=\"twitter:label1\" content=\"Tempo di lettura stimato\" \/>\n\t<meta name=\"twitter:data1\" content=\"1 minuto\" \/>\n<script type=\"application\/ld+json\" class=\"yoast-schema-graph\">{\"@context\":\"https:\\\/\\\/schema.org\",\"@graph\":[{\"@type\":\"WebPage\",\"@id\":\"https:\\\/\\\/www.sieber.ch\\\/it\\\/offerte-di-lavoro\\\/academy\\\/corsi-sui-carrelli-elevatori\\\/\",\"url\":\"https:\\\/\\\/www.sieber.ch\\\/it\\\/offerte-di-lavoro\\\/academy\\\/corsi-sui-carrelli-elevatori\\\/\",\"name\":\"Corsi sui carrelli elevatori - Sieber Logistics AG\",\"isPartOf\":{\"@id\":\"https:\\\/\\\/www.sieber.ch\\\/it\\\/#website\"},\"datePublished\":\"2023-10-04T21:13:31+00:00\",\"dateModified\":\"2023-12-18T13:33:02+00:00\",\"breadcrumb\":{\"@id\":\"https:\\\/\\\/www.sieber.ch\\\/it\\\/offerte-di-lavoro\\\/academy\\\/corsi-sui-carrelli-elevatori\\\/#breadcrumb\"},\"inLanguage\":\"it-IT\",\"potentialAction\":[{\"@type\":\"ReadAction\",\"target\":[\"https:\\\/\\\/www.sieber.ch\\\/it\\\/offerte-di-lavoro\\\/academy\\\/corsi-sui-carrelli-elevatori\\\/\"]}]},{\"@type\":\"BreadcrumbList\",\"@id\":\"https:\\\/\\\/www.sieber.ch\\\/it\\\/offerte-di-lavoro\\\/academy\\\/corsi-sui-carrelli-elevatori\\\/#breadcrumb\",\"itemListElement\":[{\"@type\":\"ListItem\",\"position\":1,\"name\":\"Home\",\"item\":\"https:\\\/\\\/www.sieber.ch\\\/it\\\/\"},{\"@type\":\"ListItem\",\"position\":2,\"name\":\"Corsi sui carrelli elevatori\"}]},{\"@type\":\"WebSite\",\"@id\":\"https:\\\/\\\/www.sieber.ch\\\/it\\\/#website\",\"url\":\"https:\\\/\\\/www.sieber.ch\\\/it\\\/\",\"name\":\"Sieber Transport AG\",\"description\":\"\",\"publisher\":{\"@id\":\"https:\\\/\\\/www.sieber.ch\\\/it\\\/#organization\"},\"potentialAction\":[{\"@type\":\"SearchAction\",\"target\":{\"@type\":\"EntryPoint\",\"urlTemplate\":\"https:\\\/\\\/www.sieber.ch\\\/it\\\/?s={search_term_string}\"},\"query-input\":{\"@type\":\"PropertyValueSpecification\",\"valueRequired\":true,\"valueName\":\"search_term_string\"}}],\"inLanguage\":\"it-IT\"},{\"@type\":\"Organization\",\"@id\":\"https:\\\/\\\/www.sieber.ch\\\/it\\\/#organization\",\"name\":\"Sieber Transport AG\",\"url\":\"https:\\\/\\\/www.sieber.ch\\\/it\\\/\",\"logo\":{\"@type\":\"ImageObject\",\"inLanguage\":\"it-IT\",\"@id\":\"https:\\\/\\\/www.sieber.ch\\\/it\\\/#\\\/schema\\\/logo\\\/image\\\/\",\"url\":\"https:\\\/\\\/www.sieber.ch\\\/wp-content\\\/uploads\\\/2024\\\/01\\\/logo.png\",\"contentUrl\":\"https:\\\/\\\/www.sieber.ch\\\/wp-content\\\/uploads\\\/2024\\\/01\\\/logo.png\",\"width\":1063,\"height\":358,\"caption\":\"Sieber Transport AG\"},\"image\":{\"@id\":\"https:\\\/\\\/www.sieber.ch\\\/it\\\/#\\\/schema\\\/logo\\\/image\\\/\"},\"sameAs\":[\"https:\\\/\\\/www.facebook.com\\\/sieberlogistics\",\"https:\\\/\\\/www.linkedin.com\\\/company\\\/sieberlogistics\\\/\"]}]}<\/script>\n<!-- \/ Yoast SEO plugin. -->","yoast_head_json":{"title":"Corsi sui carrelli elevatori - Sieber Logistics AG","robots":{"index":"index","follow":"follow","max-snippet":"max-snippet:-1","max-image-preview":"max-image-preview:large","max-video-preview":"max-video-preview:-1"},"canonical":"https:\/\/www.sieber.ch\/it\/offerte-di-lavoro\/academy\/corsi-sui-carrelli-elevatori\/","og_locale":"it_IT","og_type":"article","og_title":"Corsi sui carrelli elevatori - Sieber Logistics AG","og_description":"Carrelli elevatori S2\/R1\/R2\/R4 Questi corsi affrontano gli aspetti aziendali, giuridici e di sicurezza relativi alla manovra di veicoli per trasportoRead More...","og_url":"https:\/\/www.sieber.ch\/it\/offerte-di-lavoro\/academy\/corsi-sui-carrelli-elevatori\/","og_site_name":"Sieber Logistics AG","article_publisher":"https:\/\/www.facebook.com\/sieberlogistics","article_modified_time":"2023-12-18T13:33:02+00:00","og_image":[{"width":2560,"height":1707,"url":"https:\/\/www.sieber.ch\/wp-content\/uploads\/2023\/12\/SIEBER_TRANS_AKADEMIE_061218_5819_NEU_2023_RGB_INTERNET-scaled.webp","type":"image\/webp"}],"twitter_card":"summary_large_image","twitter_misc":{"Tempo di lettura stimato":"1 minuto"},"schema":{"@context":"https:\/\/schema.org","@graph":[{"@type":"WebPage","@id":"https:\/\/www.sieber.ch\/it\/offerte-di-lavoro\/academy\/corsi-sui-carrelli-elevatori\/","url":"https:\/\/www.sieber.ch\/it\/offerte-di-lavoro\/academy\/corsi-sui-carrelli-elevatori\/","name":"Corsi sui carrelli elevatori - Sieber Logistics AG","isPartOf":{"@id":"https:\/\/www.sieber.ch\/it\/#website"},"datePublished":"2023-10-04T21:13:31+00:00","dateModified":"2023-12-18T13:33:02+00:00","breadcrumb":{"@id":"https:\/\/www.sieber.ch\/it\/offerte-di-lavoro\/academy\/corsi-sui-carrelli-elevatori\/#breadcrumb"},"inLanguage":"it-IT","potentialAction":[{"@type":"ReadAction","target":["https:\/\/www.sieber.ch\/it\/offerte-di-lavoro\/academy\/corsi-sui-carrelli-elevatori\/"]}]},{"@type":"BreadcrumbList","@id":"https:\/\/www.sieber.ch\/it\/offerte-di-lavoro\/academy\/corsi-sui-carrelli-elevatori\/#breadcrumb","itemListElement":[{"@type":"ListItem","position":1,"name":"Home","item":"https:\/\/www.sieber.ch\/it\/"},{"@type":"ListItem","position":2,"name":"Corsi sui carrelli elevatori"}]},{"@type":"WebSite","@id":"https:\/\/www.sieber.ch\/it\/#website","url":"https:\/\/www.sieber.ch\/it\/","name":"Sieber Transport AG","description":"","publisher":{"@id":"https:\/\/www.sieber.ch\/it\/#organization"},"potentialAction":[{"@type":"SearchAction","target":{"@type":"EntryPoint","urlTemplate":"https:\/\/www.sieber.ch\/it\/?s={search_term_string}"},"query-input":{"@type":"PropertyValueSpecification","valueRequired":true,"valueName":"search_term_string"}}],"inLanguage":"it-IT"},{"@type":"Organization","@id":"https:\/\/www.sieber.ch\/it\/#organization","name":"Sieber Transport AG","url":"https:\/\/www.sieber.ch\/it\/","logo":{"@type":"ImageObject","inLanguage":"it-IT","@id":"https:\/\/www.sieber.ch\/it\/#\/schema\/logo\/image\/","url":"https:\/\/www.sieber.ch\/wp-content\/uploads\/2024\/01\/logo.png","contentUrl":"https:\/\/www.sieber.ch\/wp-content\/uploads\/2024\/01\/logo.png","width":1063,"height":358,"caption":"Sieber Transport AG"},"image":{"@id":"https:\/\/www.sieber.ch\/it\/#\/schema\/logo\/image\/"},"sameAs":["https:\/\/www.facebook.com\/sieberlogistics","https:\/\/www.linkedin.com\/company\/sieberlogistics\/"]}]}},"_links":{"self":[{"href":"https:\/\/www.sieber.ch\/it\/wp-json\/wp\/v2\/pages\/3201","targetHints":{"allow":["GET"]}}],"collection":[{"href":"https:\/\/www.sieber.ch\/it\/wp-json\/wp\/v2\/pages"}],"about":[{"href":"https:\/\/www.sieber.ch\/it\/wp-json\/wp\/v2\/types\/page"}],"author":[{"embeddable":true,"href":"https:\/\/www.sieber.ch\/it\/wp-json\/wp\/v2\/users\/1"}],"replies":[{"embeddable":true,"href":"https:\/\/www.sieber.ch\/it\/wp-json\/wp\/v2\/comments?post=3201"}],"version-history":[{"count":0,"href":"https:\/\/www.sieber.ch\/it\/wp-json\/wp\/v2\/pages\/3201\/revisions"}],"up":[{"embeddable":true,"href":"https:\/\/www.sieber.ch\/it\/wp-json\/wp\/v2\/pages\/5881"}],"wp:attachment":[{"href":"https:\/\/www.sieber.ch\/it\/wp-json\/wp\/v2\/media?parent=3201"}],"curies":[{"name":"wp","href":"https:\/\/api.w.org\/{rel}","templated":true}]}}