{"id":3158,"date":"2023-10-30T14:33:50","date_gmt":"2023-10-30T14:33:50","guid":{"rendered":"https:\/\/www.sieber.ch\/condizioni-commerciali-generali-ccg-sieber-academy\/"},"modified":"2023-12-18T13:17:10","modified_gmt":"2023-12-18T13:17:10","slug":"condizioni-commerciali-generali-ccg-sieber-academy","status":"publish","type":"page","link":"https:\/\/www.sieber.ch\/it\/offerte-di-lavoro\/academy\/informazioni-generali\/condizioni-commerciali-generali-ccg-sieber-academy\/","title":{"rendered":"Condizioni Commerciali Generali (CCG) Sieber Academy\u00a0"},"content":{"rendered":"\n<div class=\"wp-block-columns fullWidth bgWhite justify-content-center is-layout-flex wp-container-core-columns-is-layout-9d6595d7 wp-block-columns-is-layout-flex\">\n<div class=\"wp-block-column container is-layout-flow wp-block-column-is-layout-flow\">\n<div class=\"wp-block-columns is-layout-flex wp-container-core-columns-is-layout-9d6595d7 wp-block-columns-is-layout-flex\">\n<div class=\"wp-block-column is-layout-flow wp-block-column-is-layout-flow\" style=\"flex-basis:25%\"><\/div>\n\n\n\n<div class=\"wp-block-column is-layout-flow wp-block-column-is-layout-flow\" style=\"flex-basis:50%\">\n<p>\u00a0<strong>Condizioni di partecipazione\u00a0<\/strong><\/p>\n\n\n\n<p>I requisiti minimi richiesti sono definiti nella descrizione del corso della Sieber Academy. Per consentire il miglior apprendimento possibile a ogni partecipante, il livello minimo richiesto di conoscenza della lingua tedesca \u00e8 A2 come definito dal Quadro comune europeo di riferimento per la conoscenza delle lingue (QCER).\u00a0<\/p>\n\n\n\n<p><strong>Pagamento dell\u2019importo del corso\u00a0<\/strong><\/p>\n\n\n\n<p>Dopo essersi iscritti, i partecipanti ricevono una conferma di iscrizione seguita dai materiali per il corso e dalla fattura. Il costo del corso \u00e8 da saldare prima del suo inizio. In casi eccezionali \u00e8 consentito un pagamento in contati all\u2019inizio del corso previo accordi con la direzione della Sieber Academy. Il pagamento consente di partecipare al corso. L\u2019attestato del corso e\/o la conferma di formazione verranno consegnati solo dopo aver saldato completamente l\u2019importo in fattura. Qualora Sieber Academy non abbia registrato alcun pagamento completo, l\u2019attestato del corso e\/o la conferma di formazione non verranno inviati. Pertanto il corso di formazione e aggiornamento verranno considerati come non svolti.\u00a0<\/p>\n\n\n\n<p><strong>Fatture\u00a0<\/strong><\/p>\n\n\n\n<p>Il Gruppo Sieber richiede la maggiorazione di 2.50 CHF pi\u00f9 IVA per ogni fattura prodotta in formato cartaceo (spedizione in Svizzera\/Liechtenstein) oppure di 4.50 CHF pi\u00f9 IVA (spedizione all\u2019estero). In alternativa esiste la possibilit\u00e0 pi\u00f9 ecologica di richiedere la fattura in formato elettronico PDF inviata per e-mail a titolo gratuito.\u00a0<\/p>\n\n\n\n<p><strong>Organizzazione del corso\u00a0<\/strong><\/p>\n\n\n\n<p>Per motivi organizzativi la Sieber Academy si riserva il diritto di far slittare le date o di accorpare pi\u00f9 classi, di modificare la localit\u00e0 o di disdire i corsi in caso di eventi imprevedibili. Qualora un formatore non sia disponibile, la direzione della Sieber Academy pu\u00f2 scegliere un altro formatore, incaricare un\/a sostituto\/a o disdire completamente il corso.\u00a0<\/p>\n\n\n\n<p><strong>Sedi e svolgimento dei corsi\u00a0<\/strong><\/p>\n\n\n\n<p>Per svolgere i corsi della Sieber Academy nelle condizioni ottimali, per ciascuna offerta viene stabilito un numero di partecipanti minimo e massimo. I posti vengono assegnati in base all\u2019ordine delle iscrizioni (previo pagamento puntuale). Qualora non venga raggiunto il numero minimo di partecipanti, di solito il corso non viene svolto e l\u2019importo rimborsato o non richiesto. Se una classe non raggiunge il numero minimo, in casi specifici la Sieber Academy pu\u00f2 svolgere ugualmente il corso, previo consenso dei partecipanti, nel qual caso l\u2019importo deve subire una maggiorazione.\u00a0<\/p>\n\n\n\n<p><strong>Esclusione dal corso\u00a0<\/strong><\/p>\n\n\n\n<p>La direzione della Sieber Academy si riserva il diritto di escludere per giusta causa (comportamento scorretto, danneggiamento volontario ci cose ecc.) uno\/a o pi\u00f9 partecipanti al corso. In caso di esclusione dal corso, l\u2019importo del corso non verr\u00e0 rimborsato.\u00a0<\/p>\n\n\n\n<p><strong>Disiscrizione\u00a0<\/strong><\/p>\n\n\n\n<p>La disiscrizione da un corso causa un onere amministrativo. A seconda del momento in cui avviene la disiscrizione, l\u2019importo del corso pu\u00f2 essere abbuonato in tutto o in parte. Per la disiscrizione, Sieber Academy necessita di una notifica scritta da parte del\/la partecipante. Come data di ricezione fa fede la data di arrivo della lettera presso Sieber Academy. Il mancato pagamento dell\u2019importo del corso non \u00e8 considerato come disiscrizione. L\u2019abbuono o la restituzione dell\u2019importo del corso avviene come segue, e <strong>in ogni caso verr\u00e0 trattenuta una penale di lavorazione pari a 50.00 CHF pi\u00f9 IVA:\u00a0<\/strong><\/p>\n\n\n\n<p>Momento della disiscrizione &#8211; Quota di restituzione\u00a0<\/p>\n\n\n\n<p>Fino a 22 giorni prima dell\u2019inizio del corso 100% dell\u2019importo del corso\u00a0<\/p>\n\n\n\n<p>Fra 21 e 15 giorni prima dell\u2019inizio del corso 80% dell\u2019importo del corso\u00a0<\/p>\n\n\n\n<p>Fra 14 e 8 giorni prima dell\u2019inizio del corso 50% dell\u2019importo del corso\u00a0<\/p>\n\n\n\n<p>Fra 7 e 2 giorni prima dell\u2019inizio del corso 20% dell\u2019importo del corso\u00a0<\/p>\n\n\n\n<p>1 giorno prima dell\u2019inizio del corso 0% dell\u2019importo del corso\u00a0<\/p>\n\n\n\n<p>Dopo l\u2019inizio del corso o in caso di assenza durante il corso, non sussiste diritto alla restituzione o alla riduzione dell\u2019importo del corso. In casi particolari e sulla base di una richiesta scritta, la direzione della scuola pu\u00f2 autorizzare un recupero delle lezioni perse. In caso di disiscrizione per malattia prima (!) dell\u2019inizio del corso, qualora venga presentato un certificato medico valido e scritto l\u2019iscrizione verr\u00e0 annullata. In caso contrario dovr\u00e0 essere versato il 100% del costo del corso. Anche in questo caso verr\u00e0 chiesto il pagamento di una penale di lavorazione pari a 50.00 CHF pi\u00f9 IVA.\u00a0<\/p>\n\n\n\n<p><strong>Assicurazione \/ Responsabilit\u00e0\u00a0<\/strong><\/p>\n\n\n\n<p>Per tutti i corsi e gli eventi organizzati dalla Sieber Academy si esclude ogni responsabilit\u00e0 per danni verificatisi. Le\/i partecipanti prendono parte ai corsi sotto la propria responsabilit\u00e0 e sono responsabili per una copertura assicurativa sufficiente. Sono responsabili entro i limiti di legge per tutti i danni a cose e persone causati da loro stesse\/i o dal veicolo. Le\/i partecipanti sono obbligati a rispettare le norme di sicurezza e antinfortunistiche vigenti nell\u2019area del corso, nonch\u00e9 le disposizioni vigenti a livello locale. L\u2019utilizzo degli impianti di Sieber Transport AG avviene a proprio rischio. Sieber Transport AG non pu\u00f2 essere ritenuta responsabile per il furto o la perdita di oggetti.\u00a0<\/p>\n\n\n\n<p><strong>Attestato di formazione\u00a0<\/strong><\/p>\n\n\n\n<p>Le\/i partecipanti ricevono un attestato di formazione per ogni corso, se lo hanno frequentato per la durata minima dell\u201980% ciascuno. Corsi che durano una giornata devono essere frequentati al 100% per poter ricevere un attestato di formazione.\u00a0<\/p>\n\n\n\n<p>Ci\u00f2 rispetta anche la norma ASA per corsi in ambito OAut.\u00a0<\/p>\n\n\n\n<p><strong>Modifiche al programma e ai prezzi\u00a0<\/strong><\/p>\n\n\n\n<p>Ci riserviamo il diritto di apportare modifiche al programma e ai prezzi e alle condizioni generali commerciali.\u00a0<\/p>\n\n\n\n<p><strong>Duplicati di documenti\u00a0<\/strong><\/p>\n\n\n\n<p>Qualora servisse il duplicato di conferma di partecipazione del corso o attestati, Sieber Academy sar\u00e0 lieta di produrli anche per gli anni passati dietro pagamento di una quota relativa all\u2019elaborazione degli stessi.\u00a0<\/p>\n\n\n\n<p><strong>Diritto d\u2019autore \/ Protezione dei dati \/ Riservatezza\u00a0<\/strong><\/p>\n\n\n\n<p>Non sono consentiti la copia dei materiali dei corsi per scopi non autorizzati, l\u2019inoltro, l\u2019utilizzo e la comunicazione dei contenuti del corso a terzi. La violazione comporta il risarcimento dei danni. Tutti i dati personali e le registrazioni dei\/delle partecipanti verranno memorizzati in formato elettronico e inoltrati a terzi solo in caso di necessit\u00e0. Con l\u2019iscrizione, la\/il partecipante esprime il consenso affinch\u00e9 i suoi dati vengano salvati presso Sieber Academy e utilizzati per analisi, creazione di duplicati di documenti e interventi di marketing. Le formatrici\/i formatori e le\/i partecipanti sono obbligati a mantenere la riservatezza su tutti i dati loro rivelati. Questo obbligo si estende anche dopo la conclusione del contratto.\u00a0<\/p>\n\n\n\n<p><strong>Validit\u00e0\u00a0<\/strong><\/p>\n\n\n\n<p>Le presenti Condizioni Commerciali Generali hanno validit\u00e0 per tutti i corsi svolti e si applicano ad ogni iscrizione. Queste CCG possono essere modificate in ogni momento. Le\/i partecipanti riceveranno informazioni su eventuali modifiche. Se non si presenter\u00e0 opposizione entro 30 giorni, le nuove condizioni si considereranno come accettate.\u00a0<\/p>\n\n\n\n<p><strong>Foro competente\u00a0<\/strong><\/p>\n\n\n\n<p>Per tutte le controversie \u00e8 competente il foro di Berneck CH-9442. Si applica il diritto svizzero.\u00a0<\/p>\n\n\n\n<p>Sieber Transport AG c\/o Sieber Academy, Musterplatzstrasse 5, CH-9442 Berneck\u00a0<\/p>\n\n\n\n<p>Ultimo aggiornamento: 26\/01\/2023\u00a0<\/p>\n<\/div>\n\n\n\n<div class=\"wp-block-column is-layout-flow wp-block-column-is-layout-flow\" style=\"flex-basis:25%\"><\/div>\n<\/div>\n<\/div>\n<\/div>\n","protected":false},"excerpt":{"rendered":"<p>\u00a0Condizioni di partecipazione\u00a0 I requisiti minimi richiesti sono definiti nella descrizione del corso della Sieber Academy. Per consentire il miglior<\/p>\n<p><a class=\"wp-block-button__link\" href=\"https:\/\/www.sieber.ch\/it\/offerte-di-lavoro\/academy\/informazioni-generali\/condizioni-commerciali-generali-ccg-sieber-academy\/\">Read More&#8230;<\/a><\/p>\n","protected":false},"author":1,"featured_media":1834,"parent":3167,"menu_order":0,"comment_status":"closed","ping_status":"closed","template":"","meta":{"_acf_changed":false,"footnotes":""},"class_list":["post-3158","page","type-page","status-publish","has-post-thumbnail","hentry"],"acf":[],"yoast_head":"<!-- This site is optimized with the Yoast SEO plugin v27.5 - https:\/\/yoast.com\/product\/yoast-seo-wordpress\/ -->\n<title>Condizioni Commerciali Generali (CCG) Sieber Academy\u00a0 - Sieber Logistics AG<\/title>\n<meta name=\"robots\" content=\"index, follow, max-snippet:-1, max-image-preview:large, max-video-preview:-1\" \/>\n<link rel=\"canonical\" href=\"https:\/\/www.sieber.ch\/it\/offerte-di-lavoro\/academy\/informazioni-generali\/condizioni-commerciali-generali-ccg-sieber-academy\/\" \/>\n<meta property=\"og:locale\" content=\"it_IT\" \/>\n<meta property=\"og:type\" content=\"article\" \/>\n<meta property=\"og:title\" content=\"Condizioni Commerciali Generali (CCG) Sieber Academy\u00a0 - Sieber Logistics AG\" \/>\n<meta property=\"og:description\" content=\"\u00a0Condizioni di partecipazione\u00a0 I requisiti minimi richiesti sono definiti nella descrizione del corso della Sieber Academy. Per consentire il migliorRead More...\" \/>\n<meta property=\"og:url\" content=\"https:\/\/www.sieber.ch\/it\/offerte-di-lavoro\/academy\/informazioni-generali\/condizioni-commerciali-generali-ccg-sieber-academy\/\" \/>\n<meta property=\"og:site_name\" content=\"Sieber Logistics AG\" \/>\n<meta property=\"article:publisher\" content=\"https:\/\/www.facebook.com\/sieberlogistics\" \/>\n<meta property=\"article:modified_time\" content=\"2023-12-18T13:17:10+00:00\" \/>\n<meta property=\"og:image\" content=\"https:\/\/www.sieber.ch\/wp-content\/uploads\/2023\/10\/SIEBER_APPLICATION_32327_INTERNET.jpg\" \/>\n\t<meta property=\"og:image:width\" content=\"850\" \/>\n\t<meta property=\"og:image:height\" content=\"567\" \/>\n\t<meta property=\"og:image:type\" content=\"image\/jpeg\" \/>\n<meta name=\"twitter:card\" content=\"summary_large_image\" \/>\n<meta name=\"twitter:label1\" content=\"Tempo di lettura stimato\" \/>\n\t<meta name=\"twitter:data1\" content=\"6 minuti\" \/>\n<script type=\"application\/ld+json\" class=\"yoast-schema-graph\">{\"@context\":\"https:\\\/\\\/schema.org\",\"@graph\":[{\"@type\":\"WebPage\",\"@id\":\"https:\\\/\\\/www.sieber.ch\\\/it\\\/offerte-di-lavoro\\\/academy\\\/informazioni-generali\\\/condizioni-commerciali-generali-ccg-sieber-academy\\\/\",\"url\":\"https:\\\/\\\/www.sieber.ch\\\/it\\\/offerte-di-lavoro\\\/academy\\\/informazioni-generali\\\/condizioni-commerciali-generali-ccg-sieber-academy\\\/\",\"name\":\"Condizioni Commerciali Generali (CCG) Sieber Academy\u00a0 - Sieber Logistics AG\",\"isPartOf\":{\"@id\":\"https:\\\/\\\/www.sieber.ch\\\/it\\\/#website\"},\"primaryImageOfPage\":{\"@id\":\"https:\\\/\\\/www.sieber.ch\\\/it\\\/offerte-di-lavoro\\\/academy\\\/informazioni-generali\\\/condizioni-commerciali-generali-ccg-sieber-academy\\\/#primaryimage\"},\"image\":{\"@id\":\"https:\\\/\\\/www.sieber.ch\\\/it\\\/offerte-di-lavoro\\\/academy\\\/informazioni-generali\\\/condizioni-commerciali-generali-ccg-sieber-academy\\\/#primaryimage\"},\"thumbnailUrl\":\"https:\\\/\\\/www.sieber.ch\\\/wp-content\\\/uploads\\\/2023\\\/10\\\/SIEBER_APPLICATION_32327_INTERNET.jpg\",\"datePublished\":\"2023-10-30T14:33:50+00:00\",\"dateModified\":\"2023-12-18T13:17:10+00:00\",\"breadcrumb\":{\"@id\":\"https:\\\/\\\/www.sieber.ch\\\/it\\\/offerte-di-lavoro\\\/academy\\\/informazioni-generali\\\/condizioni-commerciali-generali-ccg-sieber-academy\\\/#breadcrumb\"},\"inLanguage\":\"it-IT\",\"potentialAction\":[{\"@type\":\"ReadAction\",\"target\":[\"https:\\\/\\\/www.sieber.ch\\\/it\\\/offerte-di-lavoro\\\/academy\\\/informazioni-generali\\\/condizioni-commerciali-generali-ccg-sieber-academy\\\/\"]}]},{\"@type\":\"ImageObject\",\"inLanguage\":\"it-IT\",\"@id\":\"https:\\\/\\\/www.sieber.ch\\\/it\\\/offerte-di-lavoro\\\/academy\\\/informazioni-generali\\\/condizioni-commerciali-generali-ccg-sieber-academy\\\/#primaryimage\",\"url\":\"https:\\\/\\\/www.sieber.ch\\\/wp-content\\\/uploads\\\/2023\\\/10\\\/SIEBER_APPLICATION_32327_INTERNET.jpg\",\"contentUrl\":\"https:\\\/\\\/www.sieber.ch\\\/wp-content\\\/uploads\\\/2023\\\/10\\\/SIEBER_APPLICATION_32327_INTERNET.jpg\",\"width\":850,\"height\":567},{\"@type\":\"BreadcrumbList\",\"@id\":\"https:\\\/\\\/www.sieber.ch\\\/it\\\/offerte-di-lavoro\\\/academy\\\/informazioni-generali\\\/condizioni-commerciali-generali-ccg-sieber-academy\\\/#breadcrumb\",\"itemListElement\":[{\"@type\":\"ListItem\",\"position\":1,\"name\":\"Home\",\"item\":\"https:\\\/\\\/www.sieber.ch\\\/it\\\/\"},{\"@type\":\"ListItem\",\"position\":2,\"name\":\"Condizioni Commerciali Generali (CCG) Sieber Academy\u00a0\"}]},{\"@type\":\"WebSite\",\"@id\":\"https:\\\/\\\/www.sieber.ch\\\/it\\\/#website\",\"url\":\"https:\\\/\\\/www.sieber.ch\\\/it\\\/\",\"name\":\"Sieber Transport AG\",\"description\":\"\",\"publisher\":{\"@id\":\"https:\\\/\\\/www.sieber.ch\\\/it\\\/#organization\"},\"potentialAction\":[{\"@type\":\"SearchAction\",\"target\":{\"@type\":\"EntryPoint\",\"urlTemplate\":\"https:\\\/\\\/www.sieber.ch\\\/it\\\/?s={search_term_string}\"},\"query-input\":{\"@type\":\"PropertyValueSpecification\",\"valueRequired\":true,\"valueName\":\"search_term_string\"}}],\"inLanguage\":\"it-IT\"},{\"@type\":\"Organization\",\"@id\":\"https:\\\/\\\/www.sieber.ch\\\/it\\\/#organization\",\"name\":\"Sieber Transport AG\",\"url\":\"https:\\\/\\\/www.sieber.ch\\\/it\\\/\",\"logo\":{\"@type\":\"ImageObject\",\"inLanguage\":\"it-IT\",\"@id\":\"https:\\\/\\\/www.sieber.ch\\\/it\\\/#\\\/schema\\\/logo\\\/image\\\/\",\"url\":\"https:\\\/\\\/www.sieber.ch\\\/wp-content\\\/uploads\\\/2024\\\/01\\\/logo.png\",\"contentUrl\":\"https:\\\/\\\/www.sieber.ch\\\/wp-content\\\/uploads\\\/2024\\\/01\\\/logo.png\",\"width\":1063,\"height\":358,\"caption\":\"Sieber Transport AG\"},\"image\":{\"@id\":\"https:\\\/\\\/www.sieber.ch\\\/it\\\/#\\\/schema\\\/logo\\\/image\\\/\"},\"sameAs\":[\"https:\\\/\\\/www.facebook.com\\\/sieberlogistics\",\"https:\\\/\\\/www.linkedin.com\\\/company\\\/sieberlogistics\\\/\"]}]}<\/script>\n<!-- \/ Yoast SEO plugin. -->","yoast_head_json":{"title":"Condizioni Commerciali Generali (CCG) Sieber Academy\u00a0 - Sieber Logistics AG","robots":{"index":"index","follow":"follow","max-snippet":"max-snippet:-1","max-image-preview":"max-image-preview:large","max-video-preview":"max-video-preview:-1"},"canonical":"https:\/\/www.sieber.ch\/it\/offerte-di-lavoro\/academy\/informazioni-generali\/condizioni-commerciali-generali-ccg-sieber-academy\/","og_locale":"it_IT","og_type":"article","og_title":"Condizioni Commerciali Generali (CCG) Sieber Academy\u00a0 - Sieber Logistics AG","og_description":"\u00a0Condizioni di partecipazione\u00a0 I requisiti minimi richiesti sono definiti nella descrizione del corso della Sieber Academy. Per consentire il migliorRead More...","og_url":"https:\/\/www.sieber.ch\/it\/offerte-di-lavoro\/academy\/informazioni-generali\/condizioni-commerciali-generali-ccg-sieber-academy\/","og_site_name":"Sieber Logistics AG","article_publisher":"https:\/\/www.facebook.com\/sieberlogistics","article_modified_time":"2023-12-18T13:17:10+00:00","og_image":[{"width":850,"height":567,"url":"https:\/\/www.sieber.ch\/wp-content\/uploads\/2023\/10\/SIEBER_APPLICATION_32327_INTERNET.jpg","type":"image\/jpeg"}],"twitter_card":"summary_large_image","twitter_misc":{"Tempo di lettura stimato":"6 minuti"},"schema":{"@context":"https:\/\/schema.org","@graph":[{"@type":"WebPage","@id":"https:\/\/www.sieber.ch\/it\/offerte-di-lavoro\/academy\/informazioni-generali\/condizioni-commerciali-generali-ccg-sieber-academy\/","url":"https:\/\/www.sieber.ch\/it\/offerte-di-lavoro\/academy\/informazioni-generali\/condizioni-commerciali-generali-ccg-sieber-academy\/","name":"Condizioni Commerciali Generali (CCG) Sieber Academy\u00a0 - Sieber Logistics AG","isPartOf":{"@id":"https:\/\/www.sieber.ch\/it\/#website"},"primaryImageOfPage":{"@id":"https:\/\/www.sieber.ch\/it\/offerte-di-lavoro\/academy\/informazioni-generali\/condizioni-commerciali-generali-ccg-sieber-academy\/#primaryimage"},"image":{"@id":"https:\/\/www.sieber.ch\/it\/offerte-di-lavoro\/academy\/informazioni-generali\/condizioni-commerciali-generali-ccg-sieber-academy\/#primaryimage"},"thumbnailUrl":"https:\/\/www.sieber.ch\/wp-content\/uploads\/2023\/10\/SIEBER_APPLICATION_32327_INTERNET.jpg","datePublished":"2023-10-30T14:33:50+00:00","dateModified":"2023-12-18T13:17:10+00:00","breadcrumb":{"@id":"https:\/\/www.sieber.ch\/it\/offerte-di-lavoro\/academy\/informazioni-generali\/condizioni-commerciali-generali-ccg-sieber-academy\/#breadcrumb"},"inLanguage":"it-IT","potentialAction":[{"@type":"ReadAction","target":["https:\/\/www.sieber.ch\/it\/offerte-di-lavoro\/academy\/informazioni-generali\/condizioni-commerciali-generali-ccg-sieber-academy\/"]}]},{"@type":"ImageObject","inLanguage":"it-IT","@id":"https:\/\/www.sieber.ch\/it\/offerte-di-lavoro\/academy\/informazioni-generali\/condizioni-commerciali-generali-ccg-sieber-academy\/#primaryimage","url":"https:\/\/www.sieber.ch\/wp-content\/uploads\/2023\/10\/SIEBER_APPLICATION_32327_INTERNET.jpg","contentUrl":"https:\/\/www.sieber.ch\/wp-content\/uploads\/2023\/10\/SIEBER_APPLICATION_32327_INTERNET.jpg","width":850,"height":567},{"@type":"BreadcrumbList","@id":"https:\/\/www.sieber.ch\/it\/offerte-di-lavoro\/academy\/informazioni-generali\/condizioni-commerciali-generali-ccg-sieber-academy\/#breadcrumb","itemListElement":[{"@type":"ListItem","position":1,"name":"Home","item":"https:\/\/www.sieber.ch\/it\/"},{"@type":"ListItem","position":2,"name":"Condizioni Commerciali Generali (CCG) Sieber Academy\u00a0"}]},{"@type":"WebSite","@id":"https:\/\/www.sieber.ch\/it\/#website","url":"https:\/\/www.sieber.ch\/it\/","name":"Sieber Transport AG","description":"","publisher":{"@id":"https:\/\/www.sieber.ch\/it\/#organization"},"potentialAction":[{"@type":"SearchAction","target":{"@type":"EntryPoint","urlTemplate":"https:\/\/www.sieber.ch\/it\/?s={search_term_string}"},"query-input":{"@type":"PropertyValueSpecification","valueRequired":true,"valueName":"search_term_string"}}],"inLanguage":"it-IT"},{"@type":"Organization","@id":"https:\/\/www.sieber.ch\/it\/#organization","name":"Sieber Transport AG","url":"https:\/\/www.sieber.ch\/it\/","logo":{"@type":"ImageObject","inLanguage":"it-IT","@id":"https:\/\/www.sieber.ch\/it\/#\/schema\/logo\/image\/","url":"https:\/\/www.sieber.ch\/wp-content\/uploads\/2024\/01\/logo.png","contentUrl":"https:\/\/www.sieber.ch\/wp-content\/uploads\/2024\/01\/logo.png","width":1063,"height":358,"caption":"Sieber Transport AG"},"image":{"@id":"https:\/\/www.sieber.ch\/it\/#\/schema\/logo\/image\/"},"sameAs":["https:\/\/www.facebook.com\/sieberlogistics","https:\/\/www.linkedin.com\/company\/sieberlogistics\/"]}]}},"_links":{"self":[{"href":"https:\/\/www.sieber.ch\/it\/wp-json\/wp\/v2\/pages\/3158","targetHints":{"allow":["GET"]}}],"collection":[{"href":"https:\/\/www.sieber.ch\/it\/wp-json\/wp\/v2\/pages"}],"about":[{"href":"https:\/\/www.sieber.ch\/it\/wp-json\/wp\/v2\/types\/page"}],"author":[{"embeddable":true,"href":"https:\/\/www.sieber.ch\/it\/wp-json\/wp\/v2\/users\/1"}],"replies":[{"embeddable":true,"href":"https:\/\/www.sieber.ch\/it\/wp-json\/wp\/v2\/comments?post=3158"}],"version-history":[{"count":0,"href":"https:\/\/www.sieber.ch\/it\/wp-json\/wp\/v2\/pages\/3158\/revisions"}],"up":[{"embeddable":true,"href":"https:\/\/www.sieber.ch\/it\/wp-json\/wp\/v2\/pages\/3167"}],"wp:featuredmedia":[{"embeddable":true,"href":"https:\/\/www.sieber.ch\/it\/wp-json\/wp\/v2\/media\/1834"}],"wp:attachment":[{"href":"https:\/\/www.sieber.ch\/it\/wp-json\/wp\/v2\/media?parent=3158"}],"curies":[{"name":"wp","href":"https:\/\/api.w.org\/{rel}","templated":true}]}}