{"id":3191,"date":"2023-10-04T22:15:00","date_gmt":"2023-10-04T21:15:00","guid":{"rendered":"https:\/\/www.sieber.ch\/securite\/"},"modified":"2023-12-18T13:32:12","modified_gmt":"2023-12-18T13:32:12","slug":"securite","status":"publish","type":"page","link":"https:\/\/www.sieber.ch\/fr\/carriere\/academy\/securite\/","title":{"rendered":"S\u00e9curit\u00e9"},"content":{"rendered":"\n<div class=\"wp-block-columns fullWidth bgGrey intro justify-content-center is-layout-flex wp-container-core-columns-is-layout-9d6595d7 wp-block-columns-is-layout-flex\">\n<div class=\"wp-block-column container is-layout-flow wp-block-column-is-layout-flow\">\n<div class=\"wp-block-columns is-layout-flex wp-container-core-columns-is-layout-9d6595d7 wp-block-columns-is-layout-flex\">\n<div class=\"wp-block-column is-layout-flow wp-block-column-is-layout-flow\">\n<p>Die Chauffeurenzulassungsverordnung (CZV) regelt die Aus- und Weiterbildung f\u00fcr Berufsfahrer der Kategorien C\/C1 und D\/D1 in der Schweiz, um die Strassensicherheit zu erh\u00f6hen und die Qualit\u00e4t des Fahrpersonals zu gew\u00e4hrleisten.<\/p>\n<\/div>\n<\/div>\n<\/div>\n<\/div>\n\n\n\n<div class=\"wp-block-columns fullWidth courseList bgWhite justify-content-center is-layout-flex wp-container-core-columns-is-layout-9d6595d7 wp-block-columns-is-layout-flex\">\n<div class=\"wp-block-column container is-layout-flow wp-block-column-is-layout-flow\">\n<div class=\"wp-block-columns is-layout-flex wp-container-core-columns-is-layout-9d6595d7 wp-block-columns-is-layout-flex\">\n<div class=\"wp-block-column is-layout-flow wp-block-column-is-layout-flow\" style=\"flex-basis:100%\"><div id=\"vsel\" class=\"vsel-shortcode vsel-shortcode-upcoming-events\"><div id=\"event-2606\" class=\"vsel-content sicherheit vsel-upcoming vsel-future\"><h3 class=\"vsel-meta-title\">Ladungssicherung<\/h3><div class=\"vsel-meta vsel-alignright\" style=\"width:36%;\"><div class=\"vsel-meta-date vsel-meta-single-date\">Date\u00a0: <span>31.12.2026<\/span><\/div><div class=\"vsel-meta-time\">Heure\u00a0: <span>ca. 3 Stunden<\/span><\/div><div class=\"vsel-meta-location\">Lieu: <span>Widnau oder auf Anfrage vor Ort<\/span><\/div><div class=\"vsel-acf-pdf_download\"><span class=\"acf-field-name\">Kursinformationen: <\/span><span class=\"acf-field-value\"><a href=\"https:\/\/www.sieber.ch\/wp-content\/uploads\/2024\/01\/Ladungssicherung.pdf\" target=\"_blank\">Ladungssicherung<\/a><\/span><\/div><div class=\"vsel-meta-link\"><a href=\"https:\/\/www.sieber.ch\/karriere\/academy\/registration\/\" rel=\"noopener noreferrer\" rel=\"noopener noreferrer\" target=\"_blank\" title=\"https:\/\/www.sieber.ch\/karriere\/academy\/registration\/\">Anmelden<\/a><\/div><\/div><div class=\"vsel-info vsel-alignleft\" style=\"width:60%;\"><div class=\"vsel-text\">\n<p>In diesem Kurs lernen Sie die Grundlagen der Ladungssicherung sowie die Gesetzgebung und physikalischen Prinzipien kennen. Sie werden praktische F\u00e4higkeiten zur Ladungssicherung erwerben und verschiedene Sicherungsmethoden verstehen. Damit gew\u00e4hrleisten Sie sichere und gesetzeskonforme Ladungssicherung im Transportwesen.<\/p>\n\n\n\n<p><\/p>\n\n\n\n<ul class=\"wp-block-list\">\n<li>Kursdaten auf Anfrage<\/li>\n<\/ul>\n<\/div><\/div><\/div><div id=\"event-4566\" class=\"vsel-content sicherheit vsel-upcoming vsel-future\"><h3 class=\"vsel-meta-title\">Hallen- und Industriekran Kat. C<\/h3><div class=\"vsel-meta vsel-alignright\" style=\"width:36%;\"><div class=\"vsel-meta-date vsel-meta-single-date\">Date\u00a0: <span>31.12.2026<\/span><\/div><div class=\"vsel-meta-time\">Heure\u00a0: <span>08.00 - 12.00 Uhr &amp; 13.00 - 17.00 Uhr<\/span><\/div><div class=\"vsel-meta-location\">Lieu: <span>Vor Ort oder Berneck<\/span><\/div><div class=\"vsel-acf-pdf_download\"><span class=\"acf-field-name\">Kursinformationen: <\/span><span class=\"acf-field-value\"><a href=\"https:\/\/www.sieber.ch\/wp-content\/uploads\/2024\/01\/Hallen-und-Industriekran-Kat.-C-1.pdf\" target=\"_blank\">Hallen- und Industriekran Kat. C<\/a><\/span><\/div><div class=\"vsel-meta-link\"><a href=\"https:\/\/www.sieber.ch\/karriere\/academy\/registration\/\" rel=\"noopener noreferrer\" rel=\"noopener noreferrer\" target=\"_blank\" title=\"https:\/\/www.sieber.ch\/karriere\/academy\/registration\/\">anmelden<\/a><\/div><\/div><div class=\"vsel-info vsel-alignleft\" style=\"width:60%;\"><div class=\"vsel-text\">\n<p>Eine praxisorientierte Schulung, die den sachkundigen Umgang und die sichere Handhabung von Hallen- und Drehkranen der Kategorie C vermittelt. Die Teilnehmer erlangen die F\u00e4higkeit, potenzielle Gefahren zu identifizieren und erlernen effektive Strategien zur Risikominimierung.<\/p>\n\n\n\n<p><\/p>\n\n\n\n<ul class=\"wp-block-list\">\n<li>Kursdaten auf Anfrage<\/li>\n<\/ul>\n<\/div><\/div><\/div><div id=\"event-4571\" class=\"vsel-content sicherheit vsel-upcoming vsel-future\"><h3 class=\"vsel-meta-title\">Anschlagen von Lasten<\/h3><div class=\"vsel-meta vsel-alignright\" style=\"width:36%;\"><div class=\"vsel-meta-date vsel-meta-single-date\">Date\u00a0: <span>31.12.2026<\/span><\/div><div class=\"vsel-meta-time\">Heure\u00a0: <span>1 Halbtag<\/span><\/div><div class=\"vsel-meta-location\">Lieu: <span>Widnau<\/span><\/div><div class=\"vsel-acf-pdf_download\"><span class=\"acf-field-name\">Kursinformationen: <\/span><span class=\"acf-field-value\"><a href=\"https:\/\/www.sieber.ch\/wp-content\/uploads\/2024\/01\/Academy-Flyer-08.pdf\" target=\"_blank\">Academy Flyer-08<\/a><\/span><\/div><div class=\"vsel-meta-link\"><a href=\"https:\/\/www.sieber.ch\/karriere\/academy\/registration\/\" rel=\"noopener noreferrer\" rel=\"noopener noreferrer\" target=\"_blank\" title=\"https:\/\/www.sieber.ch\/karriere\/academy\/registration\/\">anmelden<\/a><\/div><\/div><div class=\"vsel-info vsel-alignleft\" style=\"width:60%;\"><div class=\"vsel-text\">\n<p>Der Kurs \u00ab\u00a0Anschlagen von Lasten\u201d vermittelt Ihnen umfassendes Wissen und praktische F\u00e4higkeiten im Umgang mit Anschlagmitteln und Lasten. Die sichere Handhabung von Anschlagmitteln ist von entscheidender Bedeutung, um Arbeitsunf\u00e4lle zu vermeiden und einen reibungslosen Arbeitsablauf zu gew\u00e4hrleisten.<\/p>\n\n\n\n<p><\/p>\n\n\n\n<ul class=\"wp-block-list\">\n<li>Kursdaten auf Anfrage<\/li>\n<\/ul>\n<\/div><\/div><\/div><div class=\"vsel-nav\"><\/div><\/div>\n<\/div>\n<\/div>\n<\/div>\n<\/div>\n","protected":false},"excerpt":{"rendered":"<p>Die Chauffeurenzulassungsverordnung (CZV) regelt die Aus- und Weiterbildung f\u00fcr Berufsfahrer der Kategorien C\/C1 und D\/D1 in der Schweiz, um die<\/p>\n<p><a class=\"wp-block-button__link\" href=\"https:\/\/www.sieber.ch\/fr\/blog\/event\/anschlagen-von-lasten\/\">Read More&#8230;<\/a><\/p>\n","protected":false},"author":1,"featured_media":0,"parent":5879,"menu_order":0,"comment_status":"closed","ping_status":"closed","template":"","meta":{"_acf_changed":false,"footnotes":""},"class_list":["post-3191","page","type-page","status-publish","hentry"],"acf":[],"yoast_head":"<!-- This site is optimized with the Yoast SEO plugin v27.5 - https:\/\/yoast.com\/product\/yoast-seo-wordpress\/ -->\n<title>S\u00e9curit\u00e9 - Sieber Logistics AG<\/title>\n<meta name=\"robots\" content=\"index, follow, max-snippet:-1, max-image-preview:large, max-video-preview:-1\" \/>\n<link rel=\"canonical\" href=\"https:\/\/www.sieber.ch\/fr\/carriere\/academy\/securite\/\" \/>\n<meta property=\"og:locale\" content=\"fr_FR\" \/>\n<meta property=\"og:type\" content=\"article\" \/>\n<meta property=\"og:title\" content=\"S\u00e9curit\u00e9 - Sieber Logistics AG\" \/>\n<meta property=\"og:description\" content=\"Die Chauffeurenzulassungsverordnung (CZV) regelt die Aus- und Weiterbildung f\u00fcr Berufsfahrer der Kategorien C\/C1 und D\/D1 in der Schweiz, um dieRead More...\" \/>\n<meta property=\"og:url\" content=\"https:\/\/www.sieber.ch\/fr\/carriere\/academy\/securite\/\" \/>\n<meta property=\"og:site_name\" content=\"Sieber Logistics AG\" \/>\n<meta property=\"article:publisher\" content=\"https:\/\/www.facebook.com\/sieberlogistics\" \/>\n<meta property=\"article:modified_time\" content=\"2023-12-18T13:32:12+00:00\" \/>\n<meta property=\"og:image\" content=\"https:\/\/www.sieber.ch\/wp-content\/uploads\/2023\/12\/SIEBER_5_REGELN_2982_NEU_2023_RGB_INTERNET-scaled.webp\" \/>\n\t<meta property=\"og:image:width\" content=\"2560\" \/>\n\t<meta property=\"og:image:height\" content=\"1707\" \/>\n\t<meta property=\"og:image:type\" content=\"image\/webp\" \/>\n<meta name=\"twitter:card\" content=\"summary_large_image\" \/>\n<script type=\"application\/ld+json\" class=\"yoast-schema-graph\">{\"@context\":\"https:\\\/\\\/schema.org\",\"@graph\":[{\"@type\":\"WebPage\",\"@id\":\"https:\\\/\\\/www.sieber.ch\\\/fr\\\/carriere\\\/academy\\\/securite\\\/\",\"url\":\"https:\\\/\\\/www.sieber.ch\\\/fr\\\/carriere\\\/academy\\\/securite\\\/\",\"name\":\"S\u00e9curit\u00e9 - Sieber Logistics AG\",\"isPartOf\":{\"@id\":\"https:\\\/\\\/www.sieber.ch\\\/fr\\\/#website\"},\"datePublished\":\"2023-10-04T21:15:00+00:00\",\"dateModified\":\"2023-12-18T13:32:12+00:00\",\"breadcrumb\":{\"@id\":\"https:\\\/\\\/www.sieber.ch\\\/fr\\\/carriere\\\/academy\\\/securite\\\/#breadcrumb\"},\"inLanguage\":\"fr-FR\",\"potentialAction\":[{\"@type\":\"ReadAction\",\"target\":[\"https:\\\/\\\/www.sieber.ch\\\/fr\\\/carriere\\\/academy\\\/securite\\\/\"]}]},{\"@type\":\"BreadcrumbList\",\"@id\":\"https:\\\/\\\/www.sieber.ch\\\/fr\\\/carriere\\\/academy\\\/securite\\\/#breadcrumb\",\"itemListElement\":[{\"@type\":\"ListItem\",\"position\":1,\"name\":\"Home\",\"item\":\"https:\\\/\\\/www.sieber.ch\\\/fr\\\/\"},{\"@type\":\"ListItem\",\"position\":2,\"name\":\"S\u00e9curit\u00e9\"}]},{\"@type\":\"WebSite\",\"@id\":\"https:\\\/\\\/www.sieber.ch\\\/fr\\\/#website\",\"url\":\"https:\\\/\\\/www.sieber.ch\\\/fr\\\/\",\"name\":\"Sieber Transport AG\",\"description\":\"\",\"publisher\":{\"@id\":\"https:\\\/\\\/www.sieber.ch\\\/fr\\\/#organization\"},\"potentialAction\":[{\"@type\":\"SearchAction\",\"target\":{\"@type\":\"EntryPoint\",\"urlTemplate\":\"https:\\\/\\\/www.sieber.ch\\\/fr\\\/?s={search_term_string}\"},\"query-input\":{\"@type\":\"PropertyValueSpecification\",\"valueRequired\":true,\"valueName\":\"search_term_string\"}}],\"inLanguage\":\"fr-FR\"},{\"@type\":\"Organization\",\"@id\":\"https:\\\/\\\/www.sieber.ch\\\/fr\\\/#organization\",\"name\":\"Sieber Transport AG\",\"url\":\"https:\\\/\\\/www.sieber.ch\\\/fr\\\/\",\"logo\":{\"@type\":\"ImageObject\",\"inLanguage\":\"fr-FR\",\"@id\":\"https:\\\/\\\/www.sieber.ch\\\/fr\\\/#\\\/schema\\\/logo\\\/image\\\/\",\"url\":\"https:\\\/\\\/www.sieber.ch\\\/wp-content\\\/uploads\\\/2024\\\/01\\\/logo.png\",\"contentUrl\":\"https:\\\/\\\/www.sieber.ch\\\/wp-content\\\/uploads\\\/2024\\\/01\\\/logo.png\",\"width\":1063,\"height\":358,\"caption\":\"Sieber Transport AG\"},\"image\":{\"@id\":\"https:\\\/\\\/www.sieber.ch\\\/fr\\\/#\\\/schema\\\/logo\\\/image\\\/\"},\"sameAs\":[\"https:\\\/\\\/www.facebook.com\\\/sieberlogistics\",\"https:\\\/\\\/www.linkedin.com\\\/company\\\/sieberlogistics\\\/\"]}]}<\/script>\n<!-- \/ Yoast SEO plugin. -->","yoast_head_json":{"title":"S\u00e9curit\u00e9 - Sieber Logistics AG","robots":{"index":"index","follow":"follow","max-snippet":"max-snippet:-1","max-image-preview":"max-image-preview:large","max-video-preview":"max-video-preview:-1"},"canonical":"https:\/\/www.sieber.ch\/fr\/carriere\/academy\/securite\/","og_locale":"fr_FR","og_type":"article","og_title":"S\u00e9curit\u00e9 - Sieber Logistics AG","og_description":"Die Chauffeurenzulassungsverordnung (CZV) regelt die Aus- und Weiterbildung f\u00fcr Berufsfahrer der Kategorien C\/C1 und D\/D1 in der Schweiz, um dieRead More...","og_url":"https:\/\/www.sieber.ch\/fr\/carriere\/academy\/securite\/","og_site_name":"Sieber Logistics AG","article_publisher":"https:\/\/www.facebook.com\/sieberlogistics","article_modified_time":"2023-12-18T13:32:12+00:00","og_image":[{"width":2560,"height":1707,"url":"https:\/\/www.sieber.ch\/wp-content\/uploads\/2023\/12\/SIEBER_5_REGELN_2982_NEU_2023_RGB_INTERNET-scaled.webp","type":"image\/webp"}],"twitter_card":"summary_large_image","schema":{"@context":"https:\/\/schema.org","@graph":[{"@type":"WebPage","@id":"https:\/\/www.sieber.ch\/fr\/carriere\/academy\/securite\/","url":"https:\/\/www.sieber.ch\/fr\/carriere\/academy\/securite\/","name":"S\u00e9curit\u00e9 - Sieber Logistics AG","isPartOf":{"@id":"https:\/\/www.sieber.ch\/fr\/#website"},"datePublished":"2023-10-04T21:15:00+00:00","dateModified":"2023-12-18T13:32:12+00:00","breadcrumb":{"@id":"https:\/\/www.sieber.ch\/fr\/carriere\/academy\/securite\/#breadcrumb"},"inLanguage":"fr-FR","potentialAction":[{"@type":"ReadAction","target":["https:\/\/www.sieber.ch\/fr\/carriere\/academy\/securite\/"]}]},{"@type":"BreadcrumbList","@id":"https:\/\/www.sieber.ch\/fr\/carriere\/academy\/securite\/#breadcrumb","itemListElement":[{"@type":"ListItem","position":1,"name":"Home","item":"https:\/\/www.sieber.ch\/fr\/"},{"@type":"ListItem","position":2,"name":"S\u00e9curit\u00e9"}]},{"@type":"WebSite","@id":"https:\/\/www.sieber.ch\/fr\/#website","url":"https:\/\/www.sieber.ch\/fr\/","name":"Sieber Transport AG","description":"","publisher":{"@id":"https:\/\/www.sieber.ch\/fr\/#organization"},"potentialAction":[{"@type":"SearchAction","target":{"@type":"EntryPoint","urlTemplate":"https:\/\/www.sieber.ch\/fr\/?s={search_term_string}"},"query-input":{"@type":"PropertyValueSpecification","valueRequired":true,"valueName":"search_term_string"}}],"inLanguage":"fr-FR"},{"@type":"Organization","@id":"https:\/\/www.sieber.ch\/fr\/#organization","name":"Sieber Transport AG","url":"https:\/\/www.sieber.ch\/fr\/","logo":{"@type":"ImageObject","inLanguage":"fr-FR","@id":"https:\/\/www.sieber.ch\/fr\/#\/schema\/logo\/image\/","url":"https:\/\/www.sieber.ch\/wp-content\/uploads\/2024\/01\/logo.png","contentUrl":"https:\/\/www.sieber.ch\/wp-content\/uploads\/2024\/01\/logo.png","width":1063,"height":358,"caption":"Sieber Transport AG"},"image":{"@id":"https:\/\/www.sieber.ch\/fr\/#\/schema\/logo\/image\/"},"sameAs":["https:\/\/www.facebook.com\/sieberlogistics","https:\/\/www.linkedin.com\/company\/sieberlogistics\/"]}]}},"_links":{"self":[{"href":"https:\/\/www.sieber.ch\/fr\/wp-json\/wp\/v2\/pages\/3191","targetHints":{"allow":["GET"]}}],"collection":[{"href":"https:\/\/www.sieber.ch\/fr\/wp-json\/wp\/v2\/pages"}],"about":[{"href":"https:\/\/www.sieber.ch\/fr\/wp-json\/wp\/v2\/types\/page"}],"author":[{"embeddable":true,"href":"https:\/\/www.sieber.ch\/fr\/wp-json\/wp\/v2\/users\/1"}],"replies":[{"embeddable":true,"href":"https:\/\/www.sieber.ch\/fr\/wp-json\/wp\/v2\/comments?post=3191"}],"version-history":[{"count":0,"href":"https:\/\/www.sieber.ch\/fr\/wp-json\/wp\/v2\/pages\/3191\/revisions"}],"up":[{"embeddable":true,"href":"https:\/\/www.sieber.ch\/fr\/wp-json\/wp\/v2\/pages\/5879"}],"wp:attachment":[{"href":"https:\/\/www.sieber.ch\/fr\/wp-json\/wp\/v2\/media?parent=3191"}],"curies":[{"name":"wp","href":"https:\/\/api.w.org\/{rel}","templated":true}]}}