{"id":3180,"date":"2023-10-17T15:10:06","date_gmt":"2023-10-17T14:10:06","guid":{"rendered":"https:\/\/www.sieber.ch\/emplois\/"},"modified":"2025-07-29T14:00:07","modified_gmt":"2025-07-29T13:00:07","slug":"emplois","status":"publish","type":"page","link":"https:\/\/www.sieber.ch\/fr\/carriere\/emplois\/","title":{"rendered":"Emplois"},"content":{"rendered":"<div class=\"n2_clear\"><ss3-force-full-width data-overflow-x=\"body\" data-horizontal-selector=\"body\"><div class=\"n2-section-smartslider fitvidsignore  n2_clear\" data-ssid=\"27\"><div id=\"n2-ss-27-align\" class=\"n2-ss-align\"><div class=\"n2-padding\"><div id=\"n2-ss-27\" data-creator=\"Smart Slider 3\" data-responsive=\"fullwidth\" class=\"n2-ss-slider n2-ow n2-has-hover n2notransition  \">\n        <div class=\"n2-ss-slider-1 n2_ss__touch_element n2-ow\">\n            <div class=\"n2-ss-slider-2 n2-ow\">\n                                                <div class=\"n2-ss-slider-3 n2-ow\">\n\n                    <div class=\"n2-ss-slide-backgrounds n2-ow-all\"><div class=\"n2-ss-slide-background\" data-public-id=\"1\" data-mode=\"fill\"><div class=\"n2-ss-slide-background-image\" data-blur=\"0\" data-opacity=\"100\" data-x=\"50\" data-y=\"16\" data-alt=\"\" data-title=\"\" style=\"--ss-o-pos-y:16%\"><picture class=\"skip-lazy\" data-skip-lazy=\"1\"><img decoding=\"async\" src=\"\/\/www.sieber.ch\/wp-content\/uploads\/2023\/11\/SIEBER_HR_1210230155_INTERNET-scaled.webp\" alt=\"\" title=\"\" loading=\"lazy\" class=\"skip-lazy\" data-skip-lazy=\"1\"><\/picture><\/div><div data-color=\"RGBA(0,0,0,0.52)\" style=\"background-color: RGBA(0,0,0,0.52);\" class=\"n2-ss-slide-background-color\" data-overlay=\"1\"><\/div><\/div><\/div>                    <div class=\"n2-ss-slider-4 n2-ow\">\n                        <svg xmlns=\"http:\/\/www.w3.org\/2000\/svg\" viewBox=\"0 0 1200 650\" data-related-device=\"desktopPortrait\" class=\"n2-ow n2-ss-preserve-size n2-ss-preserve-size--slider n2-ss-slide-limiter\"><\/svg><div data-first=\"1\" data-slide-duration=\"0\" data-id=\"31\" data-slide-public-id=\"1\" data-title=\"Jobs\" class=\"n2-ss-slide n2-ow  n2-ss-slide-31\"><div role=\"note\" class=\"n2-ss-slide--focus\" tabindex=\"-1\">Jobs<\/div><div class=\"n2-ss-layers-container n2-ss-slide-limiter n2-ow\"><div class=\"n2-ss-layer n2-ow n-uc-4f7AWFUcXm9t\" data-sstype=\"slide\" data-pm=\"default\"><div class=\"n2-ss-layer n2-ow n-uc-6cyBDLswvy1O\" data-pm=\"default\" data-sstype=\"content\" data-hasbackground=\"0\"><div class=\"n2-ss-section-main-content n2-ss-layer-with-background n2-ss-layer-content n2-ow n-uc-6cyBDLswvy1O-inner\"><div class=\"n2-ss-layer n2-ow n-uc-ilAJ4ifEEKpn\" data-pm=\"normal\" data-sstype=\"layer\"><div id=\"n2-ss-27item1\" class=\"n2-font-c89cb7741c8c0dbf588e01cf7145c106-hover   n2-ss-item-content n2-ss-text n2-ow\" style=\"display:block;\">De tr\u00e8s bons emplois. <br>Dans une tr\u00e8s bonne \u00e9quipe. <\/div><\/div><div class=\"n2-ss-layer n2-ow n-uc-ZI6CGbgliKDV\" data-pm=\"normal\" data-sstype=\"layer\"><div id=\"n2-ss-27item2\" class=\"n2-font-a8ad76b8d2da321b551dde10debc5fb5-hover   n2-ss-item-content n2-ss-text n2-ow\" style=\"display:block;\">Postes \u00e0 pourvoir<\/div><\/div><div class=\"n2-ss-layer n2-ow n-uc-qddxtvVQKCvi n2-ss-layer--auto\" data-pm=\"normal\" data-sstype=\"layer\"><div class=\"n2-ss-button-container n2-ss-item-content n2-ow n2-font-f77f613c0f9cbcd3de6053c35fb5654b-link  n2-ss-nowrap n2-ss-button-container--non-full-width\"><a class=\"n2-style-e114321469c9889bd2950d00d7b36498-heading  n2-ow \" href=\"#jobsearch\"><div><div>JOBS<\/div><\/div><\/a><\/div><\/div><div class=\"n2-ss-layer n2-ow n-uc-bEL0cCszvDUb\" data-pm=\"normal\" data-sstype=\"layer\"><div id=\"n2-ss-27item4\" class=\"n2-font-7653a5934450b4fa5c2de3cd66c8e6a4-hover   n2-ss-item-content n2-ss-text n2-ow\" style=\"display:block;\"><\/div><\/div><\/div><\/div><\/div><\/div><\/div>                    <\/div>\n\n                                    <\/div>\n            <\/div>\n        <\/div>\n        <\/div><ss3-loader><\/ss3-loader><\/div><\/div><div class=\"n2_clear\"><\/div><\/div><\/ss3-force-full-width><\/div>\n\n\n<div class=\"wp-block-columns fullWidth bgWhite intro justify-content-center is-layout-flex wp-container-core-columns-is-layout-9d6595d7 wp-block-columns-is-layout-flex\" id=\"contact\">\n<div class=\"wp-block-column container is-layout-flow wp-block-column-is-layout-flow\">\n<div class=\"wp-block-columns is-layout-flex wp-container-core-columns-is-layout-9d6595d7 wp-block-columns-is-layout-flex\">\n<div class=\"wp-block-column is-layout-flow wp-block-column-is-layout-flow\">\n<h1 class=\"wp-block-heading has-large-font-size\">B\u00e2tissez votre carri\u00e8re gr\u00e2ce \u00e0 <br>nos emplois et \u00e0 votre talent.<\/h1>\n\n\n<div class=\"wp-block-image\">\n<figure class=\"alignleft size-full is-resized\"><img loading=\"lazy\" decoding=\"async\" width=\"1729\" height=\"1209\" src=\"https:\/\/www.sieber.ch\/wp-content\/uploads\/2023\/12\/SIEBER_TRANS_PORTRAIT_051223_2873_INTERNET-scaled-e1702396411393.webp\" alt=\"\" class=\"wp-image-2756\" style=\"aspect-ratio:3\/2;object-fit:cover;width:419px\" srcset=\"https:\/\/www.sieber.ch\/wp-content\/uploads\/2023\/12\/SIEBER_TRANS_PORTRAIT_051223_2873_INTERNET-scaled-e1702396411393.webp 1729w, https:\/\/www.sieber.ch\/wp-content\/uploads\/2023\/12\/SIEBER_TRANS_PORTRAIT_051223_2873_INTERNET-scaled-e1702396411393-300x210.webp 300w, https:\/\/www.sieber.ch\/wp-content\/uploads\/2023\/12\/SIEBER_TRANS_PORTRAIT_051223_2873_INTERNET-scaled-e1702396411393-1024x716.webp 1024w, https:\/\/www.sieber.ch\/wp-content\/uploads\/2023\/12\/SIEBER_TRANS_PORTRAIT_051223_2873_INTERNET-scaled-e1702396411393-768x537.webp 768w, https:\/\/www.sieber.ch\/wp-content\/uploads\/2023\/12\/SIEBER_TRANS_PORTRAIT_051223_2873_INTERNET-scaled-e1702396411393-1536x1074.webp 1536w\" sizes=\"auto, (max-width: 1729px) 100vw, 1729px\" \/><\/figure>\n<\/div>\n\n\n<div style=\"height:10px\" aria-hidden=\"true\" class=\"wp-block-spacer\"><\/div>\n\n\n\n<p>Jeannine Merten<br>Responsable RH du groupe Sieber<br><br>+41 (0)71 747 66 00<br>job@sieber.ch<\/p>\n<\/div>\n\n\n\n<div class=\"wp-block-column is-layout-flow wp-block-column-is-layout-flow\">\n<h2 class=\"wp-block-heading\">Votre nouvel emploi?<\/h2>\n\n\n\n<p class=\"has-medium-font-size\">En tant que sp\u00e9cialistes reconnus de la logistique leader en Suisse, nous vous proposons des <strong>emplois attractifs<\/strong> et de tr\u00e8s <strong>int\u00e9ressantes opportunit\u00e9s de carri\u00e8re<\/strong>. <\/p>\n\n\n\n<p class=\"has-medium-font-size\">Travaillez avec nous pour de <strong>grandes marques<\/strong>, des entreprises de pointe de renomm\u00e9e internationale et les \u00abhidden champions\u00bb les plus prosp\u00e8res de Suisse.&nbsp;<\/p>\n\n\n\n<p class=\"has-medium-font-size\"><strong>Accomplissez de grandes choses:<\/strong> nous aimons l\u2019engagement, la cr\u00e9ativit\u00e9 et la responsabilit\u00e9 personnelle. Nous sommes \u00e0 la recherche de personnes qui partagent cette vision&nbsp;<\/p>\n\n\n\n<p class=\"has-text-align-left has-medium-font-size\"><strong>Cela vous conviendrait ?<\/strong><br><a href=\"#jobsearch\">Acc\u00e8s direct aux postes vacants.<\/a><\/p>\n<\/div>\n<\/div>\n<\/div>\n<\/div>\n\n\n\n<div class=\"wp-block-columns fullWidth sectionSP bgGrey justify-content-center is-layout-flex wp-container-core-columns-is-layout-9d6595d7 wp-block-columns-is-layout-flex\">\n<div class=\"wp-block-column container is-layout-flow wp-block-column-is-layout-flow\">\n<div class=\"wp-block-columns is-layout-flex wp-container-core-columns-is-layout-9d6595d7 wp-block-columns-is-layout-flex\">\n<div class=\"wp-block-column is-layout-flow wp-block-column-is-layout-flow\">\n<h2 class=\"wp-block-heading has-text-align-center\">Ce qui nous distingue.<\/h2>\n\n\n\n<p class=\"has-text-align-left has-medium-font-size\">Nous travaillons dans une <strong>ambiance familiale et respectueuse<\/strong>. La volont\u00e9 de performance, l\u2019honn\u00eatet\u00e9 et la motivation sont des valeurs qui nous sont ch\u00e8res. Nos clients sont <strong>au c\u0153ur de nos priorit\u00e9s<\/strong> et nos collaborateurs \u00e0 l\u2019origine de notre succ\u00e8s. <\/p>\n\n\n\n<p class=\"has-text-align-left has-medium-font-size\">Nous encourageons <strong>l\u2019initiative personnelle<\/strong> parce que nous croyons en nos talents. C\u2019est la raison pour laquelle nous offrons des opportunit\u00e9s de promotion et accordons une confiance totale en nos \u00e9quipes.&nbsp;Pour que les forces et les potentiels puissent encore mieux s\u2019\u00e9panouir.<\/p>\n<\/div>\n<\/div>\n\n\n\n<div class=\"wp-block-columns is-layout-flex wp-container-core-columns-is-layout-9d6595d7 wp-block-columns-is-layout-flex\">\n<div class=\"wp-block-column is-vertically-aligned-center is-layout-flow wp-block-column-is-layout-flow\">\n<figure class=\"wp-block-image size-full\"><img loading=\"lazy\" decoding=\"async\" width=\"2560\" height=\"1708\" src=\"https:\/\/www.sieber.ch\/wp-content\/uploads\/2023\/11\/SIEBER_HR_1210239563_INTERNET-scaled.webp\" alt=\"\" class=\"wp-image-1625\" srcset=\"https:\/\/www.sieber.ch\/wp-content\/uploads\/2023\/11\/SIEBER_HR_1210239563_INTERNET-scaled.webp 2560w, https:\/\/www.sieber.ch\/wp-content\/uploads\/2023\/11\/SIEBER_HR_1210239563_INTERNET-300x200.webp 300w, https:\/\/www.sieber.ch\/wp-content\/uploads\/2023\/11\/SIEBER_HR_1210239563_INTERNET-1024x683.webp 1024w, https:\/\/www.sieber.ch\/wp-content\/uploads\/2023\/11\/SIEBER_HR_1210239563_INTERNET-768x512.webp 768w, https:\/\/www.sieber.ch\/wp-content\/uploads\/2023\/11\/SIEBER_HR_1210239563_INTERNET-1536x1025.webp 1536w, https:\/\/www.sieber.ch\/wp-content\/uploads\/2023\/11\/SIEBER_HR_1210239563_INTERNET-2048x1366.webp 2048w\" sizes=\"auto, (max-width: 2560px) 100vw, 2560px\" \/><\/figure>\n<\/div>\n\n\n\n<div class=\"wp-block-column is-vertically-aligned-center is-layout-flow wp-block-column-is-layout-flow\">\n<h2 class=\"wp-block-heading\">Travail d\u2019\u00e9quipe et bonnes conditions.<\/h2>\n\n\n\n<p>De l\u2019apprenti au manager, nous apprenons tous les uns des autres et avons foi en <strong>l\u2019\u00e9change actif<\/strong> et nous r\u00e9compensons la performance: <\/p>\n\n\n\n<p><strong>r\u00e9mun\u00e9ration attractive<\/strong>, <strong>valorisation coll\u00e9giale<\/strong> et offres compl\u00e9mentaires fortes, comme nos formations internes de la Sieber Academy.<\/p>\n\n\n\n<p>Nous cr\u00e9ons une atmosph\u00e8re propice \u00e0 l\u2019excellence internationale.<\/p>\n\n\n\n<p>Sieber compte aujourd\u2019hui <strong>plus de 400\u00a0collaborateurs motiv\u00e9s<\/strong>. Vous aussi, rejoignez notre \u00e9quipe.<\/p>\n\n\n\n<p>Nous avons h\u00e2te de vous accueillir.<\/p>\n<\/div>\n<\/div>\n\n\n\n<div class=\"wp-block-columns is-layout-flex wp-container-core-columns-is-layout-9d6595d7 wp-block-columns-is-layout-flex\">\n<div class=\"wp-block-column is-vertically-aligned-center is-layout-flow wp-block-column-is-layout-flow\">\n<h2 class=\"wp-block-heading\">Des emplois forts avec des perspectives d\u2019\u00e9volution.<\/h2>\n\n\n\n<p>Nous croyons \u00e0 la <strong>performance<\/strong>, \u00e0 l\u2019<strong>engagement<\/strong> et \u00e0 la <strong>responsabilit\u00e9 personnelle<\/strong>:c\u2019est pourquoi nous cherchons des personnes qui ont envie de faire bouger les choses. <\/p>\n\n\n\n<p>Nous recrutons des <strong>faiseurs<\/strong>, des <strong>penseurs<\/strong> et des <strong>concepteurs cr\u00e9atifs<\/strong> pour notre logistique made in Swiss:nous recherchons des personnes comme vous!&nbsp;<\/p>\n<\/div>\n\n\n\n<div class=\"wp-block-column is-vertically-aligned-center is-layout-flow wp-block-column-is-layout-flow\">\n<figure class=\"wp-block-image size-large\"><img loading=\"lazy\" decoding=\"async\" width=\"1024\" height=\"683\" src=\"https:\/\/www.sieber.ch\/wp-content\/uploads\/2023\/11\/SIEBER_PRATTELN_171023_0690_INTERNET-1-1024x683.webp\" alt=\"\" class=\"wp-image-1637\" srcset=\"https:\/\/www.sieber.ch\/wp-content\/uploads\/2023\/11\/SIEBER_PRATTELN_171023_0690_INTERNET-1-1024x683.webp 1024w, https:\/\/www.sieber.ch\/wp-content\/uploads\/2023\/11\/SIEBER_PRATTELN_171023_0690_INTERNET-1-300x200.webp 300w, https:\/\/www.sieber.ch\/wp-content\/uploads\/2023\/11\/SIEBER_PRATTELN_171023_0690_INTERNET-1-768x512.webp 768w, https:\/\/www.sieber.ch\/wp-content\/uploads\/2023\/11\/SIEBER_PRATTELN_171023_0690_INTERNET-1-1536x1025.webp 1536w, https:\/\/www.sieber.ch\/wp-content\/uploads\/2023\/11\/SIEBER_PRATTELN_171023_0690_INTERNET-1-2048x1366.webp 2048w\" sizes=\"auto, (max-width: 1024px) 100vw, 1024px\" \/><\/figure>\n<\/div>\n<\/div>\n\n\n\n<div class=\"wp-block-columns are-vertically-aligned-center is-layout-flex wp-container-core-columns-is-layout-9d6595d7 wp-block-columns-is-layout-flex\">\n<div class=\"wp-block-column is-vertically-aligned-center is-layout-flow wp-block-column-is-layout-flow\">\n<figure class=\"wp-block-image size-large\"><img loading=\"lazy\" decoding=\"async\" width=\"1024\" height=\"683\" src=\"https:\/\/www.sieber.ch\/wp-content\/uploads\/2023\/11\/SIEBER_PRATTELN_171023_0954_INTERNET-1024x683.webp\" alt=\"\" class=\"wp-image-1635\" srcset=\"https:\/\/www.sieber.ch\/wp-content\/uploads\/2023\/11\/SIEBER_PRATTELN_171023_0954_INTERNET-1024x683.webp 1024w, https:\/\/www.sieber.ch\/wp-content\/uploads\/2023\/11\/SIEBER_PRATTELN_171023_0954_INTERNET-300x200.webp 300w, https:\/\/www.sieber.ch\/wp-content\/uploads\/2023\/11\/SIEBER_PRATTELN_171023_0954_INTERNET-768x512.webp 768w, https:\/\/www.sieber.ch\/wp-content\/uploads\/2023\/11\/SIEBER_PRATTELN_171023_0954_INTERNET-1536x1025.webp 1536w, https:\/\/www.sieber.ch\/wp-content\/uploads\/2023\/11\/SIEBER_PRATTELN_171023_0954_INTERNET-2048x1366.webp 2048w\" sizes=\"auto, (max-width: 1024px) 100vw, 1024px\" \/><\/figure>\n<\/div>\n\n\n\n<div class=\"wp-block-column is-vertically-aligned-center is-layout-flow wp-block-column-is-layout-flow\">\n<h2 class=\"wp-block-heading\">Valorisation &amp; Perspectives&nbsp;<\/h2>\n\n\n\n<p>D\u00e9couvrez nos offres d\u2019emploi du moment<\/p>\n\n\n\n<ul class=\"wp-block-list\">\n<li>Emplois pour les professionnels de la logistique<\/li>\n\n\n\n<li>Emplois pour les chauffeurs &amp; monteurs<\/li>\n\n\n\n<li>Emplois pour professionnels pratiques<\/li>\n\n\n\n<li>Emplois pour les as de la vente<\/li>\n<\/ul>\n<\/div>\n<\/div>\n<\/div>\n<\/div>\n","protected":false},"excerpt":{"rendered":"<p>B\u00e2tissez votre carri\u00e8re gr\u00e2ce \u00e0 nos emplois et \u00e0 votre talent. Jeannine MertenResponsable RH du groupe Sieber +41 (0)71 747<\/p>\n<p><a class=\"wp-block-button__link\" href=\"https:\/\/www.sieber.ch\/fr\/carriere\/emplois\/\">Read More&#8230;<\/a><\/p>\n","protected":false},"author":1,"featured_media":0,"parent":3217,"menu_order":0,"comment_status":"closed","ping_status":"closed","template":"job-vacancies.php","meta":{"_acf_changed":false,"footnotes":""},"class_list":["post-3180","page","type-page","status-publish","hentry"],"acf":[],"yoast_head":"<!-- This site is optimized with the Yoast SEO plugin v27.5 - https:\/\/yoast.com\/product\/yoast-seo-wordpress\/ -->\n<title>Emplois - Sieber Logistics AG<\/title>\n<meta name=\"robots\" content=\"index, follow, max-snippet:-1, max-image-preview:large, max-video-preview:-1\" \/>\n<link rel=\"canonical\" href=\"https:\/\/www.sieber.ch\/fr\/carriere\/emplois\/\" \/>\n<meta property=\"og:locale\" content=\"fr_FR\" \/>\n<meta property=\"og:type\" content=\"article\" \/>\n<meta property=\"og:title\" content=\"Emplois - Sieber Logistics AG\" \/>\n<meta property=\"og:description\" content=\"B\u00e2tissez votre carri\u00e8re gr\u00e2ce \u00e0 nos emplois et \u00e0 votre talent. Jeannine MertenResponsable RH du groupe Sieber +41 (0)71 747Read More...\" \/>\n<meta property=\"og:url\" content=\"https:\/\/www.sieber.ch\/fr\/carriere\/emplois\/\" \/>\n<meta property=\"og:site_name\" content=\"Sieber Logistics AG\" \/>\n<meta property=\"article:publisher\" content=\"https:\/\/www.facebook.com\/sieberlogistics\" \/>\n<meta property=\"article:modified_time\" content=\"2025-07-29T13:00:07+00:00\" \/>\n<meta property=\"og:image\" content=\"https:\/\/www.sieber.ch\/wp-content\/uploads\/2023\/12\/SIEBER_TRANS_PORTRAIT_051223_2873_INTERNET-scaled-e1702396411393.webp\" \/>\n<meta name=\"twitter:card\" content=\"summary_large_image\" \/>\n<meta name=\"twitter:label1\" content=\"Dur\u00e9e de lecture estim\u00e9e\" \/>\n\t<meta name=\"twitter:data1\" content=\"3 minutes\" \/>\n<script type=\"application\/ld+json\" class=\"yoast-schema-graph\">{\"@context\":\"https:\\\/\\\/schema.org\",\"@graph\":[{\"@type\":\"WebPage\",\"@id\":\"https:\\\/\\\/www.sieber.ch\\\/fr\\\/carriere\\\/emplois\\\/\",\"url\":\"https:\\\/\\\/www.sieber.ch\\\/fr\\\/carriere\\\/emplois\\\/\",\"name\":\"Emplois - Sieber Logistics AG\",\"isPartOf\":{\"@id\":\"https:\\\/\\\/www.sieber.ch\\\/fr\\\/#website\"},\"primaryImageOfPage\":{\"@id\":\"https:\\\/\\\/www.sieber.ch\\\/fr\\\/carriere\\\/emplois\\\/#primaryimage\"},\"image\":{\"@id\":\"https:\\\/\\\/www.sieber.ch\\\/fr\\\/carriere\\\/emplois\\\/#primaryimage\"},\"thumbnailUrl\":\"https:\\\/\\\/www.sieber.ch\\\/wp-content\\\/uploads\\\/2023\\\/12\\\/SIEBER_TRANS_PORTRAIT_051223_2873_INTERNET-scaled-e1702396411393.webp\",\"datePublished\":\"2023-10-17T14:10:06+00:00\",\"dateModified\":\"2025-07-29T13:00:07+00:00\",\"breadcrumb\":{\"@id\":\"https:\\\/\\\/www.sieber.ch\\\/fr\\\/carriere\\\/emplois\\\/#breadcrumb\"},\"inLanguage\":\"fr-FR\",\"potentialAction\":[{\"@type\":\"ReadAction\",\"target\":[\"https:\\\/\\\/www.sieber.ch\\\/fr\\\/carriere\\\/emplois\\\/\"]}]},{\"@type\":\"ImageObject\",\"inLanguage\":\"fr-FR\",\"@id\":\"https:\\\/\\\/www.sieber.ch\\\/fr\\\/carriere\\\/emplois\\\/#primaryimage\",\"url\":\"https:\\\/\\\/www.sieber.ch\\\/wp-content\\\/uploads\\\/2023\\\/12\\\/SIEBER_TRANS_PORTRAIT_051223_2873_INTERNET-scaled-e1702396411393.webp\",\"contentUrl\":\"https:\\\/\\\/www.sieber.ch\\\/wp-content\\\/uploads\\\/2023\\\/12\\\/SIEBER_TRANS_PORTRAIT_051223_2873_INTERNET-scaled-e1702396411393.webp\"},{\"@type\":\"BreadcrumbList\",\"@id\":\"https:\\\/\\\/www.sieber.ch\\\/fr\\\/carriere\\\/emplois\\\/#breadcrumb\",\"itemListElement\":[{\"@type\":\"ListItem\",\"position\":1,\"name\":\"Home\",\"item\":\"https:\\\/\\\/www.sieber.ch\\\/fr\\\/\"},{\"@type\":\"ListItem\",\"position\":2,\"name\":\"Carri\u00e8re\",\"item\":\"https:\\\/\\\/www.sieber.ch\\\/fr\\\/carriere\\\/\"},{\"@type\":\"ListItem\",\"position\":3,\"name\":\"Emplois\"}]},{\"@type\":\"WebSite\",\"@id\":\"https:\\\/\\\/www.sieber.ch\\\/fr\\\/#website\",\"url\":\"https:\\\/\\\/www.sieber.ch\\\/fr\\\/\",\"name\":\"Sieber Transport AG\",\"description\":\"\",\"publisher\":{\"@id\":\"https:\\\/\\\/www.sieber.ch\\\/fr\\\/#organization\"},\"potentialAction\":[{\"@type\":\"SearchAction\",\"target\":{\"@type\":\"EntryPoint\",\"urlTemplate\":\"https:\\\/\\\/www.sieber.ch\\\/fr\\\/?s={search_term_string}\"},\"query-input\":{\"@type\":\"PropertyValueSpecification\",\"valueRequired\":true,\"valueName\":\"search_term_string\"}}],\"inLanguage\":\"fr-FR\"},{\"@type\":\"Organization\",\"@id\":\"https:\\\/\\\/www.sieber.ch\\\/fr\\\/#organization\",\"name\":\"Sieber Transport AG\",\"url\":\"https:\\\/\\\/www.sieber.ch\\\/fr\\\/\",\"logo\":{\"@type\":\"ImageObject\",\"inLanguage\":\"fr-FR\",\"@id\":\"https:\\\/\\\/www.sieber.ch\\\/fr\\\/#\\\/schema\\\/logo\\\/image\\\/\",\"url\":\"https:\\\/\\\/www.sieber.ch\\\/wp-content\\\/uploads\\\/2024\\\/01\\\/logo.png\",\"contentUrl\":\"https:\\\/\\\/www.sieber.ch\\\/wp-content\\\/uploads\\\/2024\\\/01\\\/logo.png\",\"width\":1063,\"height\":358,\"caption\":\"Sieber Transport AG\"},\"image\":{\"@id\":\"https:\\\/\\\/www.sieber.ch\\\/fr\\\/#\\\/schema\\\/logo\\\/image\\\/\"},\"sameAs\":[\"https:\\\/\\\/www.facebook.com\\\/sieberlogistics\",\"https:\\\/\\\/www.linkedin.com\\\/company\\\/sieberlogistics\\\/\"]}]}<\/script>\n<!-- \/ Yoast SEO plugin. -->","yoast_head_json":{"title":"Emplois - Sieber Logistics AG","robots":{"index":"index","follow":"follow","max-snippet":"max-snippet:-1","max-image-preview":"max-image-preview:large","max-video-preview":"max-video-preview:-1"},"canonical":"https:\/\/www.sieber.ch\/fr\/carriere\/emplois\/","og_locale":"fr_FR","og_type":"article","og_title":"Emplois - Sieber Logistics AG","og_description":"B\u00e2tissez votre carri\u00e8re gr\u00e2ce \u00e0 nos emplois et \u00e0 votre talent. Jeannine MertenResponsable RH du groupe Sieber +41 (0)71 747Read More...","og_url":"https:\/\/www.sieber.ch\/fr\/carriere\/emplois\/","og_site_name":"Sieber Logistics AG","article_publisher":"https:\/\/www.facebook.com\/sieberlogistics","article_modified_time":"2025-07-29T13:00:07+00:00","og_image":[{"url":"https:\/\/www.sieber.ch\/wp-content\/uploads\/2023\/12\/SIEBER_TRANS_PORTRAIT_051223_2873_INTERNET-scaled-e1702396411393.webp","type":"","width":"","height":""}],"twitter_card":"summary_large_image","twitter_misc":{"Dur\u00e9e de lecture estim\u00e9e":"3 minutes"},"schema":{"@context":"https:\/\/schema.org","@graph":[{"@type":"WebPage","@id":"https:\/\/www.sieber.ch\/fr\/carriere\/emplois\/","url":"https:\/\/www.sieber.ch\/fr\/carriere\/emplois\/","name":"Emplois - Sieber Logistics AG","isPartOf":{"@id":"https:\/\/www.sieber.ch\/fr\/#website"},"primaryImageOfPage":{"@id":"https:\/\/www.sieber.ch\/fr\/carriere\/emplois\/#primaryimage"},"image":{"@id":"https:\/\/www.sieber.ch\/fr\/carriere\/emplois\/#primaryimage"},"thumbnailUrl":"https:\/\/www.sieber.ch\/wp-content\/uploads\/2023\/12\/SIEBER_TRANS_PORTRAIT_051223_2873_INTERNET-scaled-e1702396411393.webp","datePublished":"2023-10-17T14:10:06+00:00","dateModified":"2025-07-29T13:00:07+00:00","breadcrumb":{"@id":"https:\/\/www.sieber.ch\/fr\/carriere\/emplois\/#breadcrumb"},"inLanguage":"fr-FR","potentialAction":[{"@type":"ReadAction","target":["https:\/\/www.sieber.ch\/fr\/carriere\/emplois\/"]}]},{"@type":"ImageObject","inLanguage":"fr-FR","@id":"https:\/\/www.sieber.ch\/fr\/carriere\/emplois\/#primaryimage","url":"https:\/\/www.sieber.ch\/wp-content\/uploads\/2023\/12\/SIEBER_TRANS_PORTRAIT_051223_2873_INTERNET-scaled-e1702396411393.webp","contentUrl":"https:\/\/www.sieber.ch\/wp-content\/uploads\/2023\/12\/SIEBER_TRANS_PORTRAIT_051223_2873_INTERNET-scaled-e1702396411393.webp"},{"@type":"BreadcrumbList","@id":"https:\/\/www.sieber.ch\/fr\/carriere\/emplois\/#breadcrumb","itemListElement":[{"@type":"ListItem","position":1,"name":"Home","item":"https:\/\/www.sieber.ch\/fr\/"},{"@type":"ListItem","position":2,"name":"Carri\u00e8re","item":"https:\/\/www.sieber.ch\/fr\/carriere\/"},{"@type":"ListItem","position":3,"name":"Emplois"}]},{"@type":"WebSite","@id":"https:\/\/www.sieber.ch\/fr\/#website","url":"https:\/\/www.sieber.ch\/fr\/","name":"Sieber Transport AG","description":"","publisher":{"@id":"https:\/\/www.sieber.ch\/fr\/#organization"},"potentialAction":[{"@type":"SearchAction","target":{"@type":"EntryPoint","urlTemplate":"https:\/\/www.sieber.ch\/fr\/?s={search_term_string}"},"query-input":{"@type":"PropertyValueSpecification","valueRequired":true,"valueName":"search_term_string"}}],"inLanguage":"fr-FR"},{"@type":"Organization","@id":"https:\/\/www.sieber.ch\/fr\/#organization","name":"Sieber Transport AG","url":"https:\/\/www.sieber.ch\/fr\/","logo":{"@type":"ImageObject","inLanguage":"fr-FR","@id":"https:\/\/www.sieber.ch\/fr\/#\/schema\/logo\/image\/","url":"https:\/\/www.sieber.ch\/wp-content\/uploads\/2024\/01\/logo.png","contentUrl":"https:\/\/www.sieber.ch\/wp-content\/uploads\/2024\/01\/logo.png","width":1063,"height":358,"caption":"Sieber Transport AG"},"image":{"@id":"https:\/\/www.sieber.ch\/fr\/#\/schema\/logo\/image\/"},"sameAs":["https:\/\/www.facebook.com\/sieberlogistics","https:\/\/www.linkedin.com\/company\/sieberlogistics\/"]}]}},"_links":{"self":[{"href":"https:\/\/www.sieber.ch\/fr\/wp-json\/wp\/v2\/pages\/3180","targetHints":{"allow":["GET"]}}],"collection":[{"href":"https:\/\/www.sieber.ch\/fr\/wp-json\/wp\/v2\/pages"}],"about":[{"href":"https:\/\/www.sieber.ch\/fr\/wp-json\/wp\/v2\/types\/page"}],"author":[{"embeddable":true,"href":"https:\/\/www.sieber.ch\/fr\/wp-json\/wp\/v2\/users\/1"}],"replies":[{"embeddable":true,"href":"https:\/\/www.sieber.ch\/fr\/wp-json\/wp\/v2\/comments?post=3180"}],"version-history":[{"count":1,"href":"https:\/\/www.sieber.ch\/fr\/wp-json\/wp\/v2\/pages\/3180\/revisions"}],"predecessor-version":[{"id":7880,"href":"https:\/\/www.sieber.ch\/fr\/wp-json\/wp\/v2\/pages\/3180\/revisions\/7880"}],"up":[{"embeddable":true,"href":"https:\/\/www.sieber.ch\/fr\/wp-json\/wp\/v2\/pages\/3217"}],"wp:attachment":[{"href":"https:\/\/www.sieber.ch\/fr\/wp-json\/wp\/v2\/media?parent=3180"}],"curies":[{"name":"wp","href":"https:\/\/api.w.org\/{rel}","templated":true}]}}